{"id":22636,"date":"2024-09-25T19:42:46","date_gmt":"2024-09-25T16:42:46","guid":{"rendered":"https:\/\/soffstore.pl\/?post_type=product&#038;p=22636"},"modified":"2024-12-17T20:03:57","modified_gmt":"2024-12-17T19:03:57","slug":"tkanina-dream-velvet","status":"publish","type":"product","link":"https:\/\/soffstore.pl\/de\/katalog-mebli\/tkanina-dream-velvet\/","title":{"rendered":"Tkanina DREAM VELVET"},"content":{"rendered":"\t\t<div data-elementor-type=\"wp-post\" data-elementor-id=\"22636\" class=\"elementor elementor-22636\">\n\t\t\t\t<div class=\"wd-negative-gap elementor-element elementor-element-d70e819 e-flex e-con-boxed e-con e-parent\" data-id=\"d70e819\" data-element_type=\"container\" data-e-type=\"container\">\n\t\t\t\t\t<div class=\"e-con-inner\">\n\t\t<div class=\"elementor-element elementor-element-017418e e-con-full e-flex e-con e-child\" data-id=\"017418e\" data-element_type=\"container\" data-e-type=\"container\">\n\t\t\t\t<div class=\"elementor-element elementor-element-807ae74 elementor-widget elementor-widget-wd_text_block\" data-id=\"807ae74\" data-element_type=\"widget\" data-e-type=\"widget\" data-widget_type=\"wd_text_block.default\">\n\t\t\t\t<div class=\"elementor-widget-container\">\n\t\t\t\t\t\t\t<div class=\"wd-text-block reset-last-child text-left color-primary\">\n\t\t\t\n\t\t\t<p>\u0141atwoczyszcz\u0105cy welur<br \/>Sk\u0142ad: 100% polyester<br \/>\u015acieralno\u015b\u0107: 30 000<br \/>Cechy: utrudnione wch\u0142ananie p\u0142yn\u00f3w, \u0142atwe czyszczenie, trudnopalno\u015b\u0107, przyjazne zwierz\u0119tom<br \/>Czyszczenie zabrudze\u0144:<br \/>Czyszczenie na sucho odkurzaczem. Delikatne czyszczenie plam wod\u0105 z myd\u0142em. Mo\u017cliwo\u015b\u0107 prania w 40\u2103<br \/>Uwaga! Producent tkaniny dopuszcza wyst\u0119powanie r\u00f3\u017cnic odcieni pomi\u0119dzy poszczeg\u00f3lnymi partiami produkcyjnymi.<\/p>\n\t\t\t\t\t<\/div>\n\t\t\t\t\t\t<\/div>\n\t\t\t\t<\/div>\n\t\t\t\t<\/div>\n\t\t<div class=\"elementor-element elementor-element-fc6b480 e-con-full e-flex e-con e-child\" data-id=\"fc6b480\" data-element_type=\"container\" data-e-type=\"container\">\n\t\t\t\t<div class=\"elementor-element elementor-element-bbbefb9 wd-width-100 elementor-widget elementor-widget-wd_images_gallery\" data-id=\"bbbefb9\" data-element_type=\"widget\" data-e-type=\"widget\" data-widget_type=\"wd_images_gallery.default\">\n\t\t\t\t<div class=\"elementor-widget-container\">\n\t\t\t\t\t\t\t<div class=\"wd-images-gallery photoswipe-images\" style=\"--wd-align-items:center; --wd-justify-content:left;\">\n\t\t\t\t\t\t<div class=\"wd-grid-g\" style=\"--wd-col-lg:7;--wd-col-md:4;--wd-col-sm:4;--wd-gap-lg:10px;--wd-gap-sm:10px;\" >\n\t\t\t\t\t\t\t\t\t\t\t\t\t\t\t\t\t\t<div class=\"wd-gallery-item wd-col\">\n\t\t\t\t\t\t\t\t\t\t\t\t\t<a  href=\"https:\/\/soffstore.pl\/wp-content\/uploads\/2024\/09\/dream-velvet-20218-2-jpg.webp\" data-width=\"725\" data-height=\"746\" data-index=\"1\" data-elementor-open-lightbox=\"no\" title=\"dream-velvet-20218-2\">\n\t\t\t\t\t\t\n\t\t\t\t\t\t<img decoding=\"async\" width=\"130\" height=\"130\" src=\"https:\/\/soffstore.pl\/wp-content\/uploads\/2024\/09\/dream-velvet-20218-2-jpg-130x130.webp\" class=\"attachment-130x130 size-130x130\" alt=\"dream-velvet-20218-2\" srcset=\"https:\/\/soffstore.pl\/wp-content\/uploads\/2024\/09\/dream-velvet-20218-2-jpg-130x130.webp 130w, https:\/\/soffstore.pl\/wp-content\/uploads\/2024\/09\/dream-velvet-20218-2-150x150.webp 150w, https:\/\/soffstore.pl\/wp-content\/uploads\/2024\/09\/dream-velvet-20218-2-jpg-367x367.webp 367w, https:\/\/soffstore.pl\/wp-content\/uploads\/2024\/09\/dream-velvet-20218-2-jpg-500x500.webp 500w\" sizes=\"(max-width: 130px) 100vw, 130px\" \/>\n\t\t\t\t\t\t\t\t\t\t\t\t\t<\/a>\n\t\t\t\t\t\t\t\t\t\t\t<\/div>\n\t\t\t\t\t\t\t\t\t\t\t\t\t\t\t<div class=\"wd-gallery-item wd-col\">\n\t\t\t\t\t\t\t\t\t\t\t\t\t<a  href=\"https:\/\/soffstore.pl\/wp-content\/uploads\/2024\/09\/dream-velvet-20217-2-jpg.webp\" data-width=\"725\" data-height=\"748\" data-index=\"2\" data-elementor-open-lightbox=\"no\" title=\"dream-velvet-20217-2\">\n\t\t\t\t\t\t\n\t\t\t\t\t\t<img decoding=\"async\" width=\"130\" height=\"130\" src=\"https:\/\/soffstore.pl\/wp-content\/uploads\/2024\/09\/dream-velvet-20217-2-jpg-130x130.webp\" class=\"attachment-130x130 size-130x130\" alt=\"dream-velvet-20217-2\" srcset=\"https:\/\/soffstore.pl\/wp-content\/uploads\/2024\/09\/dream-velvet-20217-2-jpg-130x130.webp 130w, https:\/\/soffstore.pl\/wp-content\/uploads\/2024\/09\/dream-velvet-20217-2-150x150.webp 150w, https:\/\/soffstore.pl\/wp-content\/uploads\/2024\/09\/dream-velvet-20217-2-jpg-367x367.webp 367w, https:\/\/soffstore.pl\/wp-content\/uploads\/2024\/09\/dream-velvet-20217-2-jpg-500x500.webp 500w\" sizes=\"(max-width: 130px) 100vw, 130px\" \/>\n\t\t\t\t\t\t\t\t\t\t\t\t\t<\/a>\n\t\t\t\t\t\t\t\t\t\t\t<\/div>\n\t\t\t\t\t\t\t\t\t\t\t\t\t\t\t<div class=\"wd-gallery-item wd-col\">\n\t\t\t\t\t\t\t\t\t\t\t\t\t<a  href=\"https:\/\/soffstore.pl\/wp-content\/uploads\/2024\/09\/dream-velvet-20204-2-jpg.webp\" data-width=\"725\" data-height=\"747\" data-index=\"3\" data-elementor-open-lightbox=\"no\" title=\"dream-velvet-20204-2\">\n\t\t\t\t\t\t\n\t\t\t\t\t\t<img decoding=\"async\" width=\"130\" height=\"130\" src=\"https:\/\/soffstore.pl\/wp-content\/uploads\/2024\/09\/dream-velvet-20204-2-jpg-130x130.webp\" class=\"attachment-130x130 size-130x130\" alt=\"dream-velvet-20204-2\" srcset=\"https:\/\/soffstore.pl\/wp-content\/uploads\/2024\/09\/dream-velvet-20204-2-jpg-130x130.webp 130w, https:\/\/soffstore.pl\/wp-content\/uploads\/2024\/09\/dream-velvet-20204-2-150x150.webp 150w, https:\/\/soffstore.pl\/wp-content\/uploads\/2024\/09\/dream-velvet-20204-2-jpg-367x367.webp 367w, https:\/\/soffstore.pl\/wp-content\/uploads\/2024\/09\/dream-velvet-20204-2-jpg-500x500.webp 500w\" sizes=\"(max-width: 130px) 100vw, 130px\" \/>\n\t\t\t\t\t\t\t\t\t\t\t\t\t<\/a>\n\t\t\t\t\t\t\t\t\t\t\t<\/div>\n\t\t\t\t\t\t\t\t\t\t\t\t\t\t\t<div class=\"wd-gallery-item wd-col\">\n\t\t\t\t\t\t\t\t\t\t\t\t\t<a  href=\"https:\/\/soffstore.pl\/wp-content\/uploads\/2024\/09\/dream-velvet-20203-2-jpg.webp\" data-width=\"725\" data-height=\"745\" data-index=\"4\" data-elementor-open-lightbox=\"no\" title=\"dream-velvet-20203-2\">\n\t\t\t\t\t\t\n\t\t\t\t\t\t<img decoding=\"async\" width=\"130\" height=\"130\" src=\"https:\/\/soffstore.pl\/wp-content\/uploads\/2024\/09\/dream-velvet-20203-2-jpg-130x130.webp\" class=\"attachment-130x130 size-130x130\" alt=\"dream-velvet-20203-2\" srcset=\"https:\/\/soffstore.pl\/wp-content\/uploads\/2024\/09\/dream-velvet-20203-2-jpg-130x130.webp 130w, https:\/\/soffstore.pl\/wp-content\/uploads\/2024\/09\/dream-velvet-20203-2-150x150.webp 150w, https:\/\/soffstore.pl\/wp-content\/uploads\/2024\/09\/dream-velvet-20203-2-jpg-367x367.webp 367w, https:\/\/soffstore.pl\/wp-content\/uploads\/2024\/09\/dream-velvet-20203-2-jpg-500x500.webp 500w\" sizes=\"(max-width: 130px) 100vw, 130px\" \/>\n\t\t\t\t\t\t\t\t\t\t\t\t\t<\/a>\n\t\t\t\t\t\t\t\t\t\t\t<\/div>\n\t\t\t\t\t\t\t\t\t\t\t\t\t\t\t<div class=\"wd-gallery-item wd-col\">\n\t\t\t\t\t\t\t\t\t\t\t\t\t<a  href=\"https:\/\/soffstore.pl\/wp-content\/uploads\/2024\/09\/dream-velvet-20219-2-jpg.webp\" data-width=\"725\" data-height=\"747\" data-index=\"5\" data-elementor-open-lightbox=\"no\" title=\"dream-velvet-20219-2\">\n\t\t\t\t\t\t\n\t\t\t\t\t\t<img decoding=\"async\" width=\"130\" height=\"130\" src=\"https:\/\/soffstore.pl\/wp-content\/uploads\/2024\/09\/dream-velvet-20219-2-jpg-130x130.webp\" class=\"attachment-130x130 size-130x130\" alt=\"dream-velvet-20219-2\" srcset=\"https:\/\/soffstore.pl\/wp-content\/uploads\/2024\/09\/dream-velvet-20219-2-jpg-130x130.webp 130w, https:\/\/soffstore.pl\/wp-content\/uploads\/2024\/09\/dream-velvet-20219-2-150x150.webp 150w, https:\/\/soffstore.pl\/wp-content\/uploads\/2024\/09\/dream-velvet-20219-2-jpg-367x367.webp 367w, https:\/\/soffstore.pl\/wp-content\/uploads\/2024\/09\/dream-velvet-20219-2-jpg-500x500.webp 500w\" sizes=\"(max-width: 130px) 100vw, 130px\" \/>\n\t\t\t\t\t\t\t\t\t\t\t\t\t<\/a>\n\t\t\t\t\t\t\t\t\t\t\t<\/div>\n\t\t\t\t\t\t\t\t\t\t\t\t\t\t\t<div class=\"wd-gallery-item wd-col\">\n\t\t\t\t\t\t\t\t\t\t\t\t\t<a  href=\"https:\/\/soffstore.pl\/wp-content\/uploads\/2024\/09\/dream-velvet-20202-2-jpg.webp\" data-width=\"725\" data-height=\"748\" data-index=\"6\" data-elementor-open-lightbox=\"no\" title=\"dream-velvet-20202-2\">\n\t\t\t\t\t\t\n\t\t\t\t\t\t<img decoding=\"async\" width=\"130\" height=\"130\" src=\"https:\/\/soffstore.pl\/wp-content\/uploads\/2024\/09\/dream-velvet-20202-2-jpg-130x130.webp\" class=\"attachment-130x130 size-130x130\" alt=\"dream-velvet-20202-2\" srcset=\"https:\/\/soffstore.pl\/wp-content\/uploads\/2024\/09\/dream-velvet-20202-2-jpg-130x130.webp 130w, https:\/\/soffstore.pl\/wp-content\/uploads\/2024\/09\/dream-velvet-20202-2-150x150.webp 150w, https:\/\/soffstore.pl\/wp-content\/uploads\/2024\/09\/dream-velvet-20202-2-jpg-367x367.webp 367w, https:\/\/soffstore.pl\/wp-content\/uploads\/2024\/09\/dream-velvet-20202-2-jpg-500x500.webp 500w\" sizes=\"(max-width: 130px) 100vw, 130px\" \/>\n\t\t\t\t\t\t\t\t\t\t\t\t\t<\/a>\n\t\t\t\t\t\t\t\t\t\t\t<\/div>\n\t\t\t\t\t\t\t\t\t\t\t\t\t<\/div>\n\t\t\t\t\t<\/div>\n\t\t\t\t\t\t<\/div>\n\t\t\t\t<\/div>\n\t\t\t\t<\/div>\n\t\t\t\t\t<\/div>\n\t\t\t\t<\/div>\n\t\t\t\t<\/div>\n\t\t","protected":false},"excerpt":{"rendered":"<p>\u0141atwoczyszcz\u0105cy welurSk\u0142ad: 100% polyester\u015acieralno\u015b\u0107: 30 000Cechy: utrudnione wch\u0142ananie p\u0142yn\u00f3w, \u0142atwe czyszczenie, trudnopalno\u015b\u0107, przyjazne zwierz\u0119tomCzyszczenie zabrudze\u0144:Czyszczenie na sucho odkurzaczem. Delikatne czyszczenie<\/p>\n","protected":false},"featured_media":22694,"comment_status":"closed","ping_status":"closed","template":"","meta":[],"product_brand":[],"product_cat":[377],"product_tag":[],"class_list":{"0":"post-22636","1":"product","2":"type-product","3":"status-publish","4":"has-post-thumbnail","6":"product_cat-tkaniny","7":"product_shipping_class-dostawa-probek-tkanek","8":"pa_tkanina-dream-velvet-202-2","9":"pa_tkanina-dream-velvet-203-2","10":"pa_tkanina-dream-velvet-204-2","11":"pa_tkanina-dream-velvet-217-2","12":"pa_tkanina-dream-velvet-218-2","13":"pa_tkanina-dream-velvet-219-2","14":"tm-has-options","16":"first","17":"instock","18":"shipping-taxable","19":"purchasable","20":"product-type-variable"},"yoast_head":"<!-- This site is optimized with the Yoast SEO plugin v27.2 - https:\/\/yoast.com\/product\/yoast-seo-wordpress\/ -->\n<title>Tkanina DREAM VELVET W Warszawie Wroc\u0142awiu Poznaniu \u0141odzi Lublinie Krakowie - Sofasoff<\/title>\n<meta name=\"robots\" content=\"index, follow, max-snippet:-1, max-image-preview:large, max-video-preview:-1\" \/>\n<link rel=\"canonical\" href=\"https:\/\/soffstore.pl\/katalog-mebli\/tkanina-dream-velvet\/\" \/>\n<meta property=\"og:locale\" content=\"en_US\" \/>\n<meta property=\"og:type\" content=\"article\" \/>\n<meta property=\"og:title\" content=\"Tkanina DREAM VELVET W Warszawie Wroc\u0142awiu Poznaniu \u0141odzi Lublinie Krakowie - Sofasoff\" \/>\n<meta property=\"og:description\" content=\"\u0141atwoczyszcz\u0105cy welurSk\u0142ad: 100% polyester\u015acieralno\u015b\u0107: 30 000Cechy: utrudnione wch\u0142ananie p\u0142yn\u00f3w, \u0142atwe czyszczenie, trudnopalno\u015b\u0107, przyjazne zwierz\u0119tomCzyszczenie zabrudze\u0144:Czyszczenie na sucho odkurzaczem. Delikatne czyszczenie\" \/>\n<meta property=\"og:url\" content=\"https:\/\/soffstore.pl\/katalog-mebli\/tkanina-dream-velvet\/\" \/>\n<meta property=\"og:site_name\" content=\"Sofasoff\" \/>\n<meta property=\"article:modified_time\" content=\"2024-12-17T19:03:57+00:00\" \/>\n<meta property=\"og:image\" content=\"https:\/\/soffstore.pl\/wp-content\/uploads\/2024\/09\/dream-velvet-20202-2-jpg.webp\" \/>\n\t<meta property=\"og:image:width\" content=\"725\" \/>\n\t<meta property=\"og:image:height\" content=\"748\" \/>\n\t<meta property=\"og:image:type\" content=\"image\/jpeg\" \/>\n<meta name=\"twitter:card\" content=\"summary_large_image\" \/>\n<script type=\"application\/ld+json\" class=\"yoast-schema-graph\">{\"@context\":\"https:\/\/schema.org\",\"@graph\":[{\"@type\":\"WebPage\",\"@id\":\"https:\/\/soffstore.pl\/katalog-mebli\/tkanina-dream-velvet\/\",\"url\":\"https:\/\/soffstore.pl\/katalog-mebli\/tkanina-dream-velvet\/\",\"name\":\"Tkanina DREAM VELVET W Warszawie Wroc\u0142awiu Poznaniu \u0141odzi Lublinie Krakowie - Sofasoff\",\"isPartOf\":{\"@id\":\"https:\/\/soffstore.pl\/de\/#website\"},\"primaryImageOfPage\":{\"@id\":\"https:\/\/soffstore.pl\/katalog-mebli\/tkanina-dream-velvet\/#primaryimage\"},\"image\":{\"@id\":\"https:\/\/soffstore.pl\/katalog-mebli\/tkanina-dream-velvet\/#primaryimage\"},\"thumbnailUrl\":\"https:\/\/soffstore.pl\/wp-content\/uploads\/2024\/09\/dream-velvet-20202-2-jpg.webp\",\"datePublished\":\"2024-09-25T16:42:46+00:00\",\"dateModified\":\"2024-12-17T19:03:57+00:00\",\"breadcrumb\":{\"@id\":\"https:\/\/soffstore.pl\/katalog-mebli\/tkanina-dream-velvet\/#breadcrumb\"},\"inLanguage\":\"en-US\",\"potentialAction\":[{\"@type\":\"ReadAction\",\"target\":[\"https:\/\/soffstore.pl\/katalog-mebli\/tkanina-dream-velvet\/\"]}]},{\"@type\":\"ImageObject\",\"inLanguage\":\"en-US\",\"@id\":\"https:\/\/soffstore.pl\/katalog-mebli\/tkanina-dream-velvet\/#primaryimage\",\"url\":\"https:\/\/soffstore.pl\/wp-content\/uploads\/2024\/09\/dream-velvet-20202-2-jpg.webp\",\"contentUrl\":\"https:\/\/soffstore.pl\/wp-content\/uploads\/2024\/09\/dream-velvet-20202-2-jpg.webp\",\"width\":725,\"height\":748},{\"@type\":\"BreadcrumbList\",\"@id\":\"https:\/\/soffstore.pl\/katalog-mebli\/tkanina-dream-velvet\/#breadcrumb\",\"itemListElement\":[{\"@type\":\"ListItem\",\"position\":1,\"name\":\"\u0413\u043b\u0430\u0432\u043d\u0430\u044f \u0441\u0442\u0440\u0430\u043d\u0438\u0446\u0430\",\"item\":\"https:\/\/soffstore.pl\/\"},{\"@type\":\"ListItem\",\"position\":2,\"name\":\"Katalog mebli\",\"item\":\"https:\/\/soffstore.pl\/katalog-mebli\/\"},{\"@type\":\"ListItem\",\"position\":3,\"name\":\"Tkanina DREAM VELVET\"}]},{\"@type\":\"WebSite\",\"@id\":\"https:\/\/soffstore.pl\/de\/#website\",\"url\":\"https:\/\/soffstore.pl\/de\/\",\"name\":\"Kup kanapy w Warszawie: nowoczesne, modu\u0142owe i rozk\u0142adanesofy do salonu\",\"description\":\"Kup meble tapicerowane w Polsce\",\"publisher\":{\"@id\":\"https:\/\/soffstore.pl\/de\/#organization\"},\"potentialAction\":[{\"@type\":\"SearchAction\",\"target\":{\"@type\":\"EntryPoint\",\"urlTemplate\":\"https:\/\/soffstore.pl\/de\/?s={search_term_string}\"},\"query-input\":{\"@type\":\"PropertyValueSpecification\",\"valueRequired\":true,\"valueName\":\"search_term_string\"}}],\"inLanguage\":\"en-US\"},{\"@type\":\"Organization\",\"@id\":\"https:\/\/soffstore.pl\/de\/#organization\",\"name\":\"Sofasoff\",\"url\":\"https:\/\/soffstore.pl\/de\/\",\"logo\":{\"@type\":\"ImageObject\",\"inLanguage\":\"en-US\",\"@id\":\"https:\/\/soffstore.pl\/de\/#\/schema\/logo\/image\/\",\"url\":\"https:\/\/soffstore.pl\/wp-content\/uploads\/2024\/05\/sofalogo-e1715764889428.png\",\"contentUrl\":\"https:\/\/soffstore.pl\/wp-content\/uploads\/2024\/05\/sofalogo-e1715764889428.png\",\"width\":563,\"height\":138,\"caption\":\"Sofasoff\"},\"image\":{\"@id\":\"https:\/\/soffstore.pl\/de\/#\/schema\/logo\/image\/\"}}]}<\/script>\n<!-- \/ Yoast SEO plugin. -->","yoast_head_json":{"title":"Tkanina DREAM VELVET W Warszawie Wroc\u0142awiu Poznaniu \u0141odzi Lublinie Krakowie - Sofasoff","robots":{"index":"index","follow":"follow","max-snippet":"max-snippet:-1","max-image-preview":"max-image-preview:large","max-video-preview":"max-video-preview:-1"},"canonical":"https:\/\/soffstore.pl\/katalog-mebli\/tkanina-dream-velvet\/","og_locale":"en_US","og_type":"article","og_title":"Tkanina DREAM VELVET W Warszawie Wroc\u0142awiu Poznaniu \u0141odzi Lublinie Krakowie - Sofasoff","og_description":"\u0141atwoczyszcz\u0105cy welurSk\u0142ad: 100% polyester\u015acieralno\u015b\u0107: 30 000Cechy: utrudnione wch\u0142ananie p\u0142yn\u00f3w, \u0142atwe czyszczenie, trudnopalno\u015b\u0107, przyjazne zwierz\u0119tomCzyszczenie zabrudze\u0144:Czyszczenie na sucho odkurzaczem. Delikatne czyszczenie","og_url":"https:\/\/soffstore.pl\/katalog-mebli\/tkanina-dream-velvet\/","og_site_name":"Sofasoff","article_modified_time":"2024-12-17T19:03:57+00:00","og_image":[{"width":725,"height":748,"url":"https:\/\/soffstore.pl\/wp-content\/uploads\/2024\/09\/dream-velvet-20202-2-jpg.webp","type":"image\/jpeg"}],"twitter_card":"summary_large_image","schema":{"@context":"https:\/\/schema.org","@graph":[{"@type":"WebPage","@id":"https:\/\/soffstore.pl\/katalog-mebli\/tkanina-dream-velvet\/","url":"https:\/\/soffstore.pl\/katalog-mebli\/tkanina-dream-velvet\/","name":"Tkanina DREAM VELVET W Warszawie Wroc\u0142awiu Poznaniu \u0141odzi Lublinie Krakowie - Sofasoff","isPartOf":{"@id":"https:\/\/soffstore.pl\/de\/#website"},"primaryImageOfPage":{"@id":"https:\/\/soffstore.pl\/katalog-mebli\/tkanina-dream-velvet\/#primaryimage"},"image":{"@id":"https:\/\/soffstore.pl\/katalog-mebli\/tkanina-dream-velvet\/#primaryimage"},"thumbnailUrl":"https:\/\/soffstore.pl\/wp-content\/uploads\/2024\/09\/dream-velvet-20202-2-jpg.webp","datePublished":"2024-09-25T16:42:46+00:00","dateModified":"2024-12-17T19:03:57+00:00","breadcrumb":{"@id":"https:\/\/soffstore.pl\/katalog-mebli\/tkanina-dream-velvet\/#breadcrumb"},"inLanguage":"en-US","potentialAction":[{"@type":"ReadAction","target":["https:\/\/soffstore.pl\/katalog-mebli\/tkanina-dream-velvet\/"]}]},{"@type":"ImageObject","inLanguage":"en-US","@id":"https:\/\/soffstore.pl\/katalog-mebli\/tkanina-dream-velvet\/#primaryimage","url":"https:\/\/soffstore.pl\/wp-content\/uploads\/2024\/09\/dream-velvet-20202-2-jpg.webp","contentUrl":"https:\/\/soffstore.pl\/wp-content\/uploads\/2024\/09\/dream-velvet-20202-2-jpg.webp","width":725,"height":748},{"@type":"BreadcrumbList","@id":"https:\/\/soffstore.pl\/katalog-mebli\/tkanina-dream-velvet\/#breadcrumb","itemListElement":[{"@type":"ListItem","position":1,"name":"\u0413\u043b\u0430\u0432\u043d\u0430\u044f \u0441\u0442\u0440\u0430\u043d\u0438\u0446\u0430","item":"https:\/\/soffstore.pl\/"},{"@type":"ListItem","position":2,"name":"Katalog mebli","item":"https:\/\/soffstore.pl\/katalog-mebli\/"},{"@type":"ListItem","position":3,"name":"Tkanina DREAM VELVET"}]},{"@type":"WebSite","@id":"https:\/\/soffstore.pl\/de\/#website","url":"https:\/\/soffstore.pl\/de\/","name":"Kup kanapy w Warszawie: nowoczesne, modu\u0142owe i rozk\u0142adanesofy do salonu","description":"Kup meble tapicerowane w Polsce","publisher":{"@id":"https:\/\/soffstore.pl\/de\/#organization"},"potentialAction":[{"@type":"SearchAction","target":{"@type":"EntryPoint","urlTemplate":"https:\/\/soffstore.pl\/de\/?s={search_term_string}"},"query-input":{"@type":"PropertyValueSpecification","valueRequired":true,"valueName":"search_term_string"}}],"inLanguage":"en-US"},{"@type":"Organization","@id":"https:\/\/soffstore.pl\/de\/#organization","name":"Sofasoff","url":"https:\/\/soffstore.pl\/de\/","logo":{"@type":"ImageObject","inLanguage":"en-US","@id":"https:\/\/soffstore.pl\/de\/#\/schema\/logo\/image\/","url":"https:\/\/soffstore.pl\/wp-content\/uploads\/2024\/05\/sofalogo-e1715764889428.png","contentUrl":"https:\/\/soffstore.pl\/wp-content\/uploads\/2024\/05\/sofalogo-e1715764889428.png","width":563,"height":138,"caption":"Sofasoff"},"image":{"@id":"https:\/\/soffstore.pl\/de\/#\/schema\/logo\/image\/"}}]}},"_links":{"self":[{"href":"https:\/\/soffstore.pl\/de\/wp-json\/wp\/v2\/product\/22636","targetHints":{"allow":["GET"]}}],"collection":[{"href":"https:\/\/soffstore.pl\/de\/wp-json\/wp\/v2\/product"}],"about":[{"href":"https:\/\/soffstore.pl\/de\/wp-json\/wp\/v2\/types\/product"}],"replies":[{"embeddable":true,"href":"https:\/\/soffstore.pl\/de\/wp-json\/wp\/v2\/comments?post=22636"}],"version-history":[{"count":1,"href":"https:\/\/soffstore.pl\/de\/wp-json\/wp\/v2\/product\/22636\/revisions"}],"predecessor-version":[{"id":33607,"href":"https:\/\/soffstore.pl\/de\/wp-json\/wp\/v2\/product\/22636\/revisions\/33607"}],"wp:featuredmedia":[{"embeddable":true,"href":"https:\/\/soffstore.pl\/de\/wp-json\/wp\/v2\/media\/22694"}],"wp:attachment":[{"href":"https:\/\/soffstore.pl\/de\/wp-json\/wp\/v2\/media?parent=22636"}],"wp:term":[{"taxonomy":"product_brand","embeddable":true,"href":"https:\/\/soffstore.pl\/de\/wp-json\/wp\/v2\/product_brand?post=22636"},{"taxonomy":"product_cat","embeddable":true,"href":"https:\/\/soffstore.pl\/de\/wp-json\/wp\/v2\/product_cat?post=22636"},{"taxonomy":"product_tag","embeddable":true,"href":"https:\/\/soffstore.pl\/de\/wp-json\/wp\/v2\/product_tag?post=22636"}],"curies":[{"name":"wp","href":"https:\/\/api.w.org\/{rel}","templated":true}]}}