{"id":36993,"date":"2025-03-13T21:24:56","date_gmt":"2025-03-13T20:24:56","guid":{"rendered":"https:\/\/soffstore.pl\/?post_type=product&#038;p=36993"},"modified":"2025-03-17T18:57:37","modified_gmt":"2025-03-17T17:57:37","slug":"lozko-loft","status":"publish","type":"product","link":"https:\/\/soffstore.pl\/de\/katalog-mebli\/lozko-loft\/","title":{"rendered":"\u0141\u00f3\u017cko Loft"},"content":{"rendered":"","protected":false},"excerpt":{"rendered":"<p>Metalowy stela\u017c<br \/>\nMechanizm podnoszenia<br \/>\nPojemnik na po\u015bciel<\/p>\n","protected":false},"featured_media":36994,"comment_status":"open","ping_status":"closed","template":"","meta":[],"product_brand":[],"product_cat":[86],"product_tag":[],"class_list":{"0":"post-36993","1":"product","2":"type-product","3":"status-publish","4":"has-post-thumbnail","6":"product_cat-lozka","7":"pa_tkanina-anthology-1-2","8":"pa_tkanina-anthology-15-2","9":"pa_tkanina-anthology-17-2","10":"pa_tkanina-anthology-2-2","11":"pa_tkanina-anthology-20-2","12":"pa_tkanina-anthology-3-2","13":"pa_tkanina-anthology-4-2","14":"pa_tkanina-anthology-5-2","15":"pa_tkanina-anthology-6-2","16":"pa_tkanina-anthology-7-2","17":"pa_tkanina-austin-1-2","18":"pa_tkanina-austin-12-2","19":"pa_tkanina-austin-13-2","20":"pa_tkanina-austin-17-2","21":"pa_tkanina-austin-18-2","22":"pa_tkanina-austin-19-2","23":"pa_tkanina-austin-2-2","24":"pa_tkanina-austin-20-2","25":"pa_tkanina-austin-3-2","26":"pa_tkanina-austin-4-2","27":"pa_tkanina-austin-5-2","28":"pa_tkanina-crown-1-2","29":"pa_tkanina-crown-11-2","30":"pa_tkanina-crown-16-2","31":"pa_tkanina-crown-17-2","32":"pa_tkanina-crown-18-2","33":"pa_tkanina-crown-2-2","34":"pa_tkanina-crown-3-2","35":"pa_tkanina-crown-4-2","36":"pa_tkanina-crown-5-2","37":"pa_tkanina-crown-7-2","38":"pa_tkanina-crown-8-2","39":"pa_tkanina-crown-9-2","40":"pa_tkanina-ditra-new-1-2","41":"pa_tkanina-ditra-new-14-2","42":"pa_tkanina-ditra-new-15-2","43":"pa_tkanina-ditra-new-16-2","44":"pa_tkanina-ditra-new-20-2","45":"pa_tkanina-ditra-new-3-2","46":"pa_tkanina-ditra-new-5-2","47":"pa_tkanina-dream-velvet-202-2","48":"pa_tkanina-dream-velvet-203-2","49":"pa_tkanina-dream-velvet-204-2","50":"pa_tkanina-dream-velvet-217-2","51":"pa_tkanina-dream-velvet-218-2","52":"pa_tkanina-dream-velvet-219-2","53":"pa_tkanina-dzianina-milton-1-2","54":"pa_tkanina-dzianina-milton-14-2","55":"pa_tkanina-dzianina-milton-29-2","56":"pa_tkanina-dzianina-milton-3-2","57":"pa_tkanina-dzianina-milton-30-2","58":"pa_tkanina-dzianina-milton-31-2","59":"pa_tkanina-fjord-1-2","60":"pa_tkanina-fjord-10-2","61":"pa_tkanina-fjord-14-2","62":"pa_tkanina-fjord-2-2","63":"pa_tkanina-fjord-3-2","64":"pa_tkanina-fjord-4-2","65":"pa_tkanina-freya-20401-2","66":"pa_tkanina-freya-21002-2","67":"pa_tkanina-freya-21005-2","68":"pa_tkanina-genesis-1-2","69":"pa_tkanina-genesis-17-2","70":"pa_tkanina-genesis-19-2","71":"pa_tkanina-genesis-2-2","72":"pa_tkanina-genesis-3-2","73":"pa_tkanina-genesis-4-2","74":"pa_tkanina-hevia-20705-2","75":"pa_tkanina-hevia-20706-2","76":"pa_tkanina-hevia-20707-2","77":"pa_tkanina-hevia-20708-2","78":"pa_tkanina-hevia-20709-2","79":"pa_tkanina-hevia-20715-2","80":"pa_tkanina-hevia-20716-2","81":"pa_tkanina-jazz-1-2","82":"pa_tkanina-jazz-18-2","83":"pa_tkanina-jazz-19-2","84":"pa_tkanina-jazz-2-2","85":"pa_tkanina-jazz-20-2","86":"pa_tkanina-jazz-21-2","87":"pa_tkanina-jazz-22-2","88":"pa_tkanina-jazz-4-2","89":"pa_tkanina-jazz-5-2","90":"pa_tkanina-jazz-6-2","91":"pa_tkanina-jazz-7-2","92":"pa_tkanina-legacy-1-2","93":"pa_tkanina-legacy-15-2","94":"pa_tkanina-legacy-16-2","95":"pa_tkanina-legacy-17-2","96":"pa_tkanina-legacy-2-2","97":"pa_tkanina-legacy-20-2","98":"pa_tkanina-legacy-3-2","99":"pa_tkanina-legend-1-2","100":"pa_tkanina-legend-2-2","101":"pa_tkanina-legend-3-2","102":"pa_tkanina-leo-1-2","103":"pa_tkanina-leo-17-2","104":"pa_tkanina-leo-2-2","105":"pa_tkanina-leo-3-2","106":"pa_tkanina-leo-4-2","107":"pa_tkanina-leo-5-2","108":"pa_tkanina-magni-20601-2","109":"pa_tkanina-magni-20602-2","110":"pa_tkanina-magni-20603-2","111":"pa_tkanina-magni-20612-2","112":"pa_tkanina-polaris-1-2","113":"pa_tkanina-polaris-10-2","114":"pa_tkanina-polaris-11-2","115":"pa_tkanina-polaris-17-2","116":"pa_tkanina-polaris-18-2","117":"pa_tkanina-polaris-2-2","118":"pa_tkanina-polaris-3-2","119":"pa_tkanina-polaris-4-2","120":"pa_tkanina-polaris-5-2","121":"pa_tkanina-polaris-6-2","122":"pa_tkanina-royal-velvet-1-2","123":"pa_tkanina-royal-velvet-16-2","124":"pa_tkanina-royal-velvet-17-2","125":"pa_tkanina-royal-velvet-19-2","126":"pa_tkanina-royal-velvet-2-2","127":"pa_tkanina-royal-velvet-3-2","128":"pa_tkanina-royal-velvet-4-2","129":"pa_tkanina-royal-velvet-6-2","130":"pa_tkanina-royal-velvet-8-2","131":"pa_tkanina-tiffany-1-2","132":"pa_tkanina-tiffany-15-2","133":"pa_tkanina-tiffany-16-2","134":"pa_tkanina-tiffany-2-2","135":"pa_tkanina-tiffany-3-2","136":"pa_tkanina-tiffany-32-2","137":"pa_tkanina-tiffany-34-2","138":"pa_tkanina-tiffany-35-2","139":"pa_tkanina-tiffany-38-2","140":"pa_tkanina-tiffany-7-2","141":"pa_tkanina-tiffany-9-2","142":"pa_tkanina-zoya-1-2","143":"pa_tkanina-zoya-10-2","144":"pa_tkanina-zoya-11-2","145":"pa_tkanina-zoya-14-2","146":"pa_tkanina-zoya-15-2","147":"pa_tkanina-zoya-2-2","148":"pa_tkanina-zoya-3-2","149":"pa_tkanina-zoya-5-2","150":"pa_tkanina-zoya-9-2","151":"tm-has-options","153":"first","154":"instock","155":"shipping-taxable","156":"purchasable","157":"product-type-variable"},"yoast_head":"<!-- This site is optimized with the Yoast SEO plugin v27.2 - https:\/\/yoast.com\/product\/yoast-seo-wordpress\/ -->\n<title>\u0141\u00f3\u017cko Loft W Warszawie Wroc\u0142awiu Poznaniu \u0141odzi Lublinie Krakowie - Sofasoff<\/title>\n<meta name=\"robots\" content=\"index, follow, max-snippet:-1, max-image-preview:large, max-video-preview:-1\" \/>\n<link rel=\"canonical\" href=\"https:\/\/soffstore.pl\/katalog-mebli\/lozko-loft\/\" \/>\n<meta property=\"og:locale\" content=\"en_US\" \/>\n<meta property=\"og:type\" content=\"article\" \/>\n<meta property=\"og:title\" content=\"\u0141\u00f3\u017cko Loft W Warszawie Wroc\u0142awiu Poznaniu \u0141odzi Lublinie Krakowie - Sofasoff\" \/>\n<meta property=\"og:description\" content=\"Metalowy stela\u017c Mechanizm podnoszenia Pojemnik na po\u015bciel\" \/>\n<meta property=\"og:url\" content=\"https:\/\/soffstore.pl\/katalog-mebli\/lozko-loft\/\" \/>\n<meta property=\"og:site_name\" content=\"Sofasoff\" \/>\n<meta property=\"article:modified_time\" content=\"2025-03-17T17:57:37+00:00\" \/>\n<meta property=\"og:image\" content=\"https:\/\/soffstore.pl\/wp-content\/uploads\/2025\/03\/glfoto.webp\" \/>\n\t<meta property=\"og:image:width\" content=\"2494\" \/>\n\t<meta property=\"og:image:height\" content=\"2494\" \/>\n\t<meta property=\"og:image:type\" content=\"image\/jpeg\" \/>\n<meta name=\"twitter:card\" content=\"summary_large_image\" \/>\n<meta name=\"twitter:label1\" content=\"Est. reading time\" \/>\n\t<meta name=\"twitter:data1\" content=\"1 minute\" \/>\n<script type=\"application\/ld+json\" class=\"yoast-schema-graph\">{\"@context\":\"https:\/\/schema.org\",\"@graph\":[{\"@type\":\"WebPage\",\"@id\":\"https:\/\/soffstore.pl\/katalog-mebli\/lozko-loft\/\",\"url\":\"https:\/\/soffstore.pl\/katalog-mebli\/lozko-loft\/\",\"name\":\"\u0141\u00f3\u017cko Loft W Warszawie Wroc\u0142awiu Poznaniu \u0141odzi Lublinie Krakowie - Sofasoff\",\"isPartOf\":{\"@id\":\"https:\/\/soffstore.pl\/de\/#website\"},\"primaryImageOfPage\":{\"@id\":\"https:\/\/soffstore.pl\/katalog-mebli\/lozko-loft\/#primaryimage\"},\"image\":{\"@id\":\"https:\/\/soffstore.pl\/katalog-mebli\/lozko-loft\/#primaryimage\"},\"thumbnailUrl\":\"https:\/\/soffstore.pl\/wp-content\/uploads\/2025\/03\/glfoto.webp\",\"datePublished\":\"2025-03-13T20:24:56+00:00\",\"dateModified\":\"2025-03-17T17:57:37+00:00\",\"breadcrumb\":{\"@id\":\"https:\/\/soffstore.pl\/katalog-mebli\/lozko-loft\/#breadcrumb\"},\"inLanguage\":\"en-US\",\"potentialAction\":[{\"@type\":\"ReadAction\",\"target\":[\"https:\/\/soffstore.pl\/katalog-mebli\/lozko-loft\/\"]}]},{\"@type\":\"ImageObject\",\"inLanguage\":\"en-US\",\"@id\":\"https:\/\/soffstore.pl\/katalog-mebli\/lozko-loft\/#primaryimage\",\"url\":\"https:\/\/soffstore.pl\/wp-content\/uploads\/2025\/03\/glfoto.webp\",\"contentUrl\":\"https:\/\/soffstore.pl\/wp-content\/uploads\/2025\/03\/glfoto.webp\",\"width\":2494,\"height\":2494},{\"@type\":\"BreadcrumbList\",\"@id\":\"https:\/\/soffstore.pl\/katalog-mebli\/lozko-loft\/#breadcrumb\",\"itemListElement\":[{\"@type\":\"ListItem\",\"position\":1,\"name\":\"\u0413\u043b\u0430\u0432\u043d\u0430\u044f \u0441\u0442\u0440\u0430\u043d\u0438\u0446\u0430\",\"item\":\"https:\/\/soffstore.pl\/\"},{\"@type\":\"ListItem\",\"position\":2,\"name\":\"Katalog mebli\",\"item\":\"https:\/\/soffstore.pl\/katalog-mebli\/\"},{\"@type\":\"ListItem\",\"position\":3,\"name\":\"\u0141\u00f3\u017cko Loft\"}]},{\"@type\":\"WebSite\",\"@id\":\"https:\/\/soffstore.pl\/de\/#website\",\"url\":\"https:\/\/soffstore.pl\/de\/\",\"name\":\"Kup kanapy w Warszawie: nowoczesne, modu\u0142owe i rozk\u0142adanesofy do salonu\",\"description\":\"Kup meble tapicerowane w Polsce\",\"publisher\":{\"@id\":\"https:\/\/soffstore.pl\/de\/#organization\"},\"potentialAction\":[{\"@type\":\"SearchAction\",\"target\":{\"@type\":\"EntryPoint\",\"urlTemplate\":\"https:\/\/soffstore.pl\/de\/?s={search_term_string}\"},\"query-input\":{\"@type\":\"PropertyValueSpecification\",\"valueRequired\":true,\"valueName\":\"search_term_string\"}}],\"inLanguage\":\"en-US\"},{\"@type\":\"Organization\",\"@id\":\"https:\/\/soffstore.pl\/de\/#organization\",\"name\":\"Sofasoff\",\"url\":\"https:\/\/soffstore.pl\/de\/\",\"logo\":{\"@type\":\"ImageObject\",\"inLanguage\":\"en-US\",\"@id\":\"https:\/\/soffstore.pl\/de\/#\/schema\/logo\/image\/\",\"url\":\"https:\/\/soffstore.pl\/wp-content\/uploads\/2024\/05\/sofalogo-e1715764889428.png\",\"contentUrl\":\"https:\/\/soffstore.pl\/wp-content\/uploads\/2024\/05\/sofalogo-e1715764889428.png\",\"width\":563,\"height\":138,\"caption\":\"Sofasoff\"},\"image\":{\"@id\":\"https:\/\/soffstore.pl\/de\/#\/schema\/logo\/image\/\"}}]}<\/script>\n<!-- \/ Yoast SEO plugin. -->","yoast_head_json":{"title":"\u0141\u00f3\u017cko Loft W Warszawie Wroc\u0142awiu Poznaniu \u0141odzi Lublinie Krakowie - Sofasoff","robots":{"index":"index","follow":"follow","max-snippet":"max-snippet:-1","max-image-preview":"max-image-preview:large","max-video-preview":"max-video-preview:-1"},"canonical":"https:\/\/soffstore.pl\/katalog-mebli\/lozko-loft\/","og_locale":"en_US","og_type":"article","og_title":"\u0141\u00f3\u017cko Loft W Warszawie Wroc\u0142awiu Poznaniu \u0141odzi Lublinie Krakowie - Sofasoff","og_description":"Metalowy stela\u017c Mechanizm podnoszenia Pojemnik na po\u015bciel","og_url":"https:\/\/soffstore.pl\/katalog-mebli\/lozko-loft\/","og_site_name":"Sofasoff","article_modified_time":"2025-03-17T17:57:37+00:00","og_image":[{"width":2494,"height":2494,"url":"https:\/\/soffstore.pl\/wp-content\/uploads\/2025\/03\/glfoto.webp","type":"image\/jpeg"}],"twitter_card":"summary_large_image","twitter_misc":{"Est. reading time":"1 minute"},"schema":{"@context":"https:\/\/schema.org","@graph":[{"@type":"WebPage","@id":"https:\/\/soffstore.pl\/katalog-mebli\/lozko-loft\/","url":"https:\/\/soffstore.pl\/katalog-mebli\/lozko-loft\/","name":"\u0141\u00f3\u017cko Loft W Warszawie Wroc\u0142awiu Poznaniu \u0141odzi Lublinie Krakowie - Sofasoff","isPartOf":{"@id":"https:\/\/soffstore.pl\/de\/#website"},"primaryImageOfPage":{"@id":"https:\/\/soffstore.pl\/katalog-mebli\/lozko-loft\/#primaryimage"},"image":{"@id":"https:\/\/soffstore.pl\/katalog-mebli\/lozko-loft\/#primaryimage"},"thumbnailUrl":"https:\/\/soffstore.pl\/wp-content\/uploads\/2025\/03\/glfoto.webp","datePublished":"2025-03-13T20:24:56+00:00","dateModified":"2025-03-17T17:57:37+00:00","breadcrumb":{"@id":"https:\/\/soffstore.pl\/katalog-mebli\/lozko-loft\/#breadcrumb"},"inLanguage":"en-US","potentialAction":[{"@type":"ReadAction","target":["https:\/\/soffstore.pl\/katalog-mebli\/lozko-loft\/"]}]},{"@type":"ImageObject","inLanguage":"en-US","@id":"https:\/\/soffstore.pl\/katalog-mebli\/lozko-loft\/#primaryimage","url":"https:\/\/soffstore.pl\/wp-content\/uploads\/2025\/03\/glfoto.webp","contentUrl":"https:\/\/soffstore.pl\/wp-content\/uploads\/2025\/03\/glfoto.webp","width":2494,"height":2494},{"@type":"BreadcrumbList","@id":"https:\/\/soffstore.pl\/katalog-mebli\/lozko-loft\/#breadcrumb","itemListElement":[{"@type":"ListItem","position":1,"name":"\u0413\u043b\u0430\u0432\u043d\u0430\u044f \u0441\u0442\u0440\u0430\u043d\u0438\u0446\u0430","item":"https:\/\/soffstore.pl\/"},{"@type":"ListItem","position":2,"name":"Katalog mebli","item":"https:\/\/soffstore.pl\/katalog-mebli\/"},{"@type":"ListItem","position":3,"name":"\u0141\u00f3\u017cko Loft"}]},{"@type":"WebSite","@id":"https:\/\/soffstore.pl\/de\/#website","url":"https:\/\/soffstore.pl\/de\/","name":"Kup kanapy w Warszawie: nowoczesne, modu\u0142owe i rozk\u0142adanesofy do salonu","description":"Kup meble tapicerowane w Polsce","publisher":{"@id":"https:\/\/soffstore.pl\/de\/#organization"},"potentialAction":[{"@type":"SearchAction","target":{"@type":"EntryPoint","urlTemplate":"https:\/\/soffstore.pl\/de\/?s={search_term_string}"},"query-input":{"@type":"PropertyValueSpecification","valueRequired":true,"valueName":"search_term_string"}}],"inLanguage":"en-US"},{"@type":"Organization","@id":"https:\/\/soffstore.pl\/de\/#organization","name":"Sofasoff","url":"https:\/\/soffstore.pl\/de\/","logo":{"@type":"ImageObject","inLanguage":"en-US","@id":"https:\/\/soffstore.pl\/de\/#\/schema\/logo\/image\/","url":"https:\/\/soffstore.pl\/wp-content\/uploads\/2024\/05\/sofalogo-e1715764889428.png","contentUrl":"https:\/\/soffstore.pl\/wp-content\/uploads\/2024\/05\/sofalogo-e1715764889428.png","width":563,"height":138,"caption":"Sofasoff"},"image":{"@id":"https:\/\/soffstore.pl\/de\/#\/schema\/logo\/image\/"}}]}},"_links":{"self":[{"href":"https:\/\/soffstore.pl\/de\/wp-json\/wp\/v2\/product\/36993","targetHints":{"allow":["GET"]}}],"collection":[{"href":"https:\/\/soffstore.pl\/de\/wp-json\/wp\/v2\/product"}],"about":[{"href":"https:\/\/soffstore.pl\/de\/wp-json\/wp\/v2\/types\/product"}],"replies":[{"embeddable":true,"href":"https:\/\/soffstore.pl\/de\/wp-json\/wp\/v2\/comments?post=36993"}],"version-history":[{"count":2,"href":"https:\/\/soffstore.pl\/de\/wp-json\/wp\/v2\/product\/36993\/revisions"}],"predecessor-version":[{"id":37053,"href":"https:\/\/soffstore.pl\/de\/wp-json\/wp\/v2\/product\/36993\/revisions\/37053"}],"wp:featuredmedia":[{"embeddable":true,"href":"https:\/\/soffstore.pl\/de\/wp-json\/wp\/v2\/media\/36994"}],"wp:attachment":[{"href":"https:\/\/soffstore.pl\/de\/wp-json\/wp\/v2\/media?parent=36993"}],"wp:term":[{"taxonomy":"product_brand","embeddable":true,"href":"https:\/\/soffstore.pl\/de\/wp-json\/wp\/v2\/product_brand?post=36993"},{"taxonomy":"product_cat","embeddable":true,"href":"https:\/\/soffstore.pl\/de\/wp-json\/wp\/v2\/product_cat?post=36993"},{"taxonomy":"product_tag","embeddable":true,"href":"https:\/\/soffstore.pl\/de\/wp-json\/wp\/v2\/product_tag?post=36993"}],"curies":[{"name":"wp","href":"https:\/\/api.w.org\/{rel}","templated":true}]}}