{"id":37552,"date":"2025-03-23T12:52:32","date_gmt":"2025-03-23T11:52:32","guid":{"rendered":"https:\/\/soffstore.pl\/?page_id=37552"},"modified":"2025-03-23T13:12:25","modified_gmt":"2025-03-23T12:12:25","slug":"o-nas","status":"publish","type":"page","link":"https:\/\/soffstore.pl\/pl\/o-nas\/","title":{"rendered":"O nas"},"content":{"rendered":"\t\t<div data-elementor-type=\"wp-page\" data-elementor-id=\"37552\" class=\"elementor elementor-37552\">\n\t\t\t\t<div class=\"wd-negative-gap elementor-element elementor-element-6e469b33 e-flex e-con-boxed e-con e-parent\" data-id=\"6e469b33\" data-element_type=\"container\" data-e-type=\"container\">\n\t\t\t\t\t<div class=\"e-con-inner\">\n\t\t\t\t<div class=\"elementor-element elementor-element-304d02c9 color-scheme-dark text-left elementor-widget elementor-widget-text-editor\" data-id=\"304d02c9\" data-element_type=\"widget\" data-e-type=\"widget\" data-widget_type=\"text-editor.default\">\n\t\t\t\t<div class=\"elementor-widget-container\">\n\t\t\t\t\t\t\t\t\t<p>Witamy w SOFFSTORE \u2013 miejscu, gdzie pasja do designu spotyka si\u0119 z rzemios\u0142em. Jeste\u015bmy polskim producentem mebli, kt\u00f3ry z mi\u0142o\u015bci\u0105 tworzy wyj\u0105tkowe, r\u0119cznie wykonane meble, dostosowane do indywidualnych potrzeb naszych klient\u00f3w.<\/p><p>Nasze produkty powstaj\u0105 z najlepszych materia\u0142\u00f3w, co gwarantuje ich wygod\u0119, funkcjonalno\u015b\u0107 i trwa\u0142o\u015b\u0107. My wierzymy, \u017ce meble powinny by\u0107 nie tylko estetyczne, ale tak\u017ce praktyczne. Dlatego nieustannie poszerzamy nasze mo\u017cliwo\u015bci produkcyjne, aby sprosta\u0107 najnowszym trendom w modzie meblarskiej i oferowa\u0107 innowacyjne rozwi\u0105zania dla ka\u017cdego wn\u0119trza.<\/p><p>Z nami zyskasz niepowtarzaln\u0105 przytulno\u015b\u0107 i komfort, kt\u00f3re sprawi\u0105, \u017ce Tw\u00f3j dom stanie si\u0119 miejscem wyj\u0105tkowym. Zapraszamy do odkrywania naszej oferty i tworzenia z nami przestrzeni, w kt\u00f3rej b\u0119dziesz czu\u0107 si\u0119 naprawd\u0119 dobrze.<\/p>\t\t\t\t\t\t\t\t<\/div>\n\t\t\t\t<\/div>\n\t\t\t\t\t<\/div>\n\t\t\t\t<\/div>\n\t\t\t\t<\/div>\n\t\t","protected":false},"excerpt":{"rendered":"<p>Witamy w SOFFSTORE \u2013 miejscu, gdzie pasja do designu spotyka si\u0119 z rzemios\u0142em. Jeste\u015bmy polskim producentem mebli, kt\u00f3ry z mi\u0142o\u015bci\u0105<\/p>\n","protected":false},"author":14,"featured_media":0,"parent":0,"menu_order":0,"comment_status":"closed","ping_status":"closed","template":"","meta":{"footnotes":""},"class_list":["post-37552","page","type-page","status-publish","hentry"],"yoast_head":"<!-- This site is optimized with the Yoast SEO plugin v27.2 - https:\/\/yoast.com\/product\/yoast-seo-wordpress\/ -->\n<title>Sofasoff<\/title>\n<meta name=\"robots\" content=\"index, follow, max-snippet:-1, max-image-preview:large, max-video-preview:-1\" \/>\n<link rel=\"canonical\" href=\"https:\/\/soffstore.pl\/o-nas\/\" \/>\n<meta property=\"og:locale\" content=\"en_US\" \/>\n<meta property=\"og:type\" content=\"article\" \/>\n<meta property=\"og:title\" content=\"Sofasoff\" \/>\n<meta property=\"og:description\" content=\"Witamy w SOFFSTORE \u2013 miejscu, gdzie pasja do designu spotyka si\u0119 z rzemios\u0142em. Jeste\u015bmy polskim producentem mebli, kt\u00f3ry z mi\u0142o\u015bci\u0105\" \/>\n<meta property=\"og:url\" content=\"https:\/\/soffstore.pl\/o-nas\/\" \/>\n<meta property=\"og:site_name\" content=\"Sofasoff\" \/>\n<meta property=\"article:modified_time\" content=\"2025-03-23T12:12:25+00:00\" \/>\n<meta name=\"twitter:card\" content=\"summary_large_image\" \/>\n<meta name=\"twitter:label1\" content=\"Est. reading time\" \/>\n\t<meta name=\"twitter:data1\" content=\"1 minute\" \/>\n<script type=\"application\/ld+json\" class=\"yoast-schema-graph\">{\"@context\":\"https:\/\/schema.org\",\"@graph\":[{\"@type\":\"WebPage\",\"@id\":\"https:\/\/soffstore.pl\/o-nas\/\",\"url\":\"https:\/\/soffstore.pl\/o-nas\/\",\"name\":\"Sofasoff\",\"isPartOf\":{\"@id\":\"https:\/\/soffstore.pl\/de\/#website\"},\"datePublished\":\"2025-03-23T11:52:32+00:00\",\"dateModified\":\"2025-03-23T12:12:25+00:00\",\"breadcrumb\":{\"@id\":\"https:\/\/soffstore.pl\/o-nas\/#breadcrumb\"},\"inLanguage\":\"en-US\",\"potentialAction\":[{\"@type\":\"ReadAction\",\"target\":[\"https:\/\/soffstore.pl\/o-nas\/\"]}]},{\"@type\":\"BreadcrumbList\",\"@id\":\"https:\/\/soffstore.pl\/o-nas\/#breadcrumb\",\"itemListElement\":[{\"@type\":\"ListItem\",\"position\":1,\"name\":\"\u0413\u043b\u0430\u0432\u043d\u0430\u044f \u0441\u0442\u0440\u0430\u043d\u0438\u0446\u0430\",\"item\":\"https:\/\/soffstore.pl\/\"},{\"@type\":\"ListItem\",\"position\":2,\"name\":\"O nas\"}]},{\"@type\":\"WebSite\",\"@id\":\"https:\/\/soffstore.pl\/de\/#website\",\"url\":\"https:\/\/soffstore.pl\/de\/\",\"name\":\"Kup kanapy w Warszawie: nowoczesne, modu\u0142owe i rozk\u0142adanesofy do salonu\",\"description\":\"Kup meble tapicerowane w Polsce\",\"publisher\":{\"@id\":\"https:\/\/soffstore.pl\/de\/#organization\"},\"potentialAction\":[{\"@type\":\"SearchAction\",\"target\":{\"@type\":\"EntryPoint\",\"urlTemplate\":\"https:\/\/soffstore.pl\/de\/?s={search_term_string}\"},\"query-input\":{\"@type\":\"PropertyValueSpecification\",\"valueRequired\":true,\"valueName\":\"search_term_string\"}}],\"inLanguage\":\"en-US\"},{\"@type\":\"Organization\",\"@id\":\"https:\/\/soffstore.pl\/de\/#organization\",\"name\":\"Sofasoff\",\"url\":\"https:\/\/soffstore.pl\/de\/\",\"logo\":{\"@type\":\"ImageObject\",\"inLanguage\":\"en-US\",\"@id\":\"https:\/\/soffstore.pl\/de\/#\/schema\/logo\/image\/\",\"url\":\"https:\/\/soffstore.pl\/wp-content\/uploads\/2024\/05\/sofalogo-e1715764889428.png\",\"contentUrl\":\"https:\/\/soffstore.pl\/wp-content\/uploads\/2024\/05\/sofalogo-e1715764889428.png\",\"width\":563,\"height\":138,\"caption\":\"Sofasoff\"},\"image\":{\"@id\":\"https:\/\/soffstore.pl\/de\/#\/schema\/logo\/image\/\"}}]}<\/script>\n<!-- \/ Yoast SEO plugin. -->","yoast_head_json":{"title":"Sofasoff","robots":{"index":"index","follow":"follow","max-snippet":"max-snippet:-1","max-image-preview":"max-image-preview:large","max-video-preview":"max-video-preview:-1"},"canonical":"https:\/\/soffstore.pl\/o-nas\/","og_locale":"en_US","og_type":"article","og_title":"Sofasoff","og_description":"Witamy w SOFFSTORE \u2013 miejscu, gdzie pasja do designu spotyka si\u0119 z rzemios\u0142em. Jeste\u015bmy polskim producentem mebli, kt\u00f3ry z mi\u0142o\u015bci\u0105","og_url":"https:\/\/soffstore.pl\/o-nas\/","og_site_name":"Sofasoff","article_modified_time":"2025-03-23T12:12:25+00:00","twitter_card":"summary_large_image","twitter_misc":{"Est. reading time":"1 minute"},"schema":{"@context":"https:\/\/schema.org","@graph":[{"@type":"WebPage","@id":"https:\/\/soffstore.pl\/o-nas\/","url":"https:\/\/soffstore.pl\/o-nas\/","name":"Sofasoff","isPartOf":{"@id":"https:\/\/soffstore.pl\/de\/#website"},"datePublished":"2025-03-23T11:52:32+00:00","dateModified":"2025-03-23T12:12:25+00:00","breadcrumb":{"@id":"https:\/\/soffstore.pl\/o-nas\/#breadcrumb"},"inLanguage":"en-US","potentialAction":[{"@type":"ReadAction","target":["https:\/\/soffstore.pl\/o-nas\/"]}]},{"@type":"BreadcrumbList","@id":"https:\/\/soffstore.pl\/o-nas\/#breadcrumb","itemListElement":[{"@type":"ListItem","position":1,"name":"\u0413\u043b\u0430\u0432\u043d\u0430\u044f \u0441\u0442\u0440\u0430\u043d\u0438\u0446\u0430","item":"https:\/\/soffstore.pl\/"},{"@type":"ListItem","position":2,"name":"O nas"}]},{"@type":"WebSite","@id":"https:\/\/soffstore.pl\/de\/#website","url":"https:\/\/soffstore.pl\/de\/","name":"Kup kanapy w Warszawie: nowoczesne, modu\u0142owe i rozk\u0142adanesofy do salonu","description":"Kup meble tapicerowane w Polsce","publisher":{"@id":"https:\/\/soffstore.pl\/de\/#organization"},"potentialAction":[{"@type":"SearchAction","target":{"@type":"EntryPoint","urlTemplate":"https:\/\/soffstore.pl\/de\/?s={search_term_string}"},"query-input":{"@type":"PropertyValueSpecification","valueRequired":true,"valueName":"search_term_string"}}],"inLanguage":"en-US"},{"@type":"Organization","@id":"https:\/\/soffstore.pl\/de\/#organization","name":"Sofasoff","url":"https:\/\/soffstore.pl\/de\/","logo":{"@type":"ImageObject","inLanguage":"en-US","@id":"https:\/\/soffstore.pl\/de\/#\/schema\/logo\/image\/","url":"https:\/\/soffstore.pl\/wp-content\/uploads\/2024\/05\/sofalogo-e1715764889428.png","contentUrl":"https:\/\/soffstore.pl\/wp-content\/uploads\/2024\/05\/sofalogo-e1715764889428.png","width":563,"height":138,"caption":"Sofasoff"},"image":{"@id":"https:\/\/soffstore.pl\/de\/#\/schema\/logo\/image\/"}}]}},"_links":{"self":[{"href":"https:\/\/soffstore.pl\/pl\/wp-json\/wp\/v2\/pages\/37552","targetHints":{"allow":["GET"]}}],"collection":[{"href":"https:\/\/soffstore.pl\/pl\/wp-json\/wp\/v2\/pages"}],"about":[{"href":"https:\/\/soffstore.pl\/pl\/wp-json\/wp\/v2\/types\/page"}],"author":[{"embeddable":true,"href":"https:\/\/soffstore.pl\/pl\/wp-json\/wp\/v2\/users\/14"}],"replies":[{"embeddable":true,"href":"https:\/\/soffstore.pl\/pl\/wp-json\/wp\/v2\/comments?post=37552"}],"version-history":[{"count":7,"href":"https:\/\/soffstore.pl\/pl\/wp-json\/wp\/v2\/pages\/37552\/revisions"}],"predecessor-version":[{"id":37583,"href":"https:\/\/soffstore.pl\/pl\/wp-json\/wp\/v2\/pages\/37552\/revisions\/37583"}],"wp:attachment":[{"href":"https:\/\/soffstore.pl\/pl\/wp-json\/wp\/v2\/media?parent=37552"}],"curies":[{"name":"wp","href":"https:\/\/api.w.org\/{rel}","templated":true}]}}