{"id":37590,"date":"2025-03-23T13:17:46","date_gmt":"2025-03-23T12:17:46","guid":{"rendered":"https:\/\/soffstore.pl\/?page_id=37590"},"modified":"2025-03-23T13:19:28","modified_gmt":"2025-03-23T12:19:28","slug":"gwarancja","status":"publish","type":"page","link":"https:\/\/soffstore.pl\/pl\/gwarancja\/","title":{"rendered":"Gwarancja"},"content":{"rendered":"\t\t<div data-elementor-type=\"wp-page\" data-elementor-id=\"37590\" class=\"elementor elementor-37590\">\n\t\t\t\t<div class=\"wd-negative-gap elementor-element elementor-element-7619f877 e-flex e-con-boxed e-con e-parent\" data-id=\"7619f877\" data-element_type=\"container\" data-e-type=\"container\">\n\t\t\t\t\t<div class=\"e-con-inner\">\n\t\t\t\t<div class=\"elementor-element elementor-element-7c2de255 color-scheme-inherit text-left elementor-widget elementor-widget-text-editor\" data-id=\"7c2de255\" data-element_type=\"widget\" data-e-type=\"widget\" data-widget_type=\"text-editor.default\">\n\t\t\t\t<div class=\"elementor-widget-container\">\n\t\t\t\t\t\t\t\t\t<p>Gwarant \/ Sprzedawca \u2013 Kramid Sp. z o.o., z siedzib\u0105 w Warszawie, REGON 389836553, NIP 9512525561.<br \/><br \/>Sprzedawca zobowi\u0105zany jest do: udzielenia Kupuj\u0105cemu informacji na temat materia\u0142\u00f3w z jakich wykonany jest mebel, zasad konserwacji jak i instrukta\u017cu o funkcjonowaniu akcesori\u00f3w meblowych, kt\u00f3re wprawiane s\u0105 w ruch podczas u\u017cytkowania oraz do wydania Karty Gwarancyjnej.<br \/><br \/>Kupuj\u0105cy \u2013 osoby fizyczne, osoby prawne oraz jednostki organizacyjne nie posiadaj\u0105ce osobowo\u015bci prawnej, kt\u00f3re naby\u0142y wyroby wyprodukowane przez Gwaranta od Sprzedawc\u00f3w lub bezpo\u015brednio od Gwaranta.<br \/><br \/>Przedstawiciel Gwaranta \u2013 pracownik Gwaranta albo inna osoba legitymuj\u0105ca si\u0119 pisemnym pe\u0142nomocnictwem Gwaranta do wykonywania na jego rzecz i w jego imieniu czynno\u015bci faktycznych i prawnych w zakresie wykonywania obowi\u0105zk\u00f3w gwarancyjnych.<br \/>Wyroby- meble oraz inne produkty wytwarzane przez Gwaranta w ramach prowadzonego Przedsi\u0119biorstwa.<br \/><br \/><br \/>Obowi\u0105zki i uprawnienia gwarancyjne og\u00f3\u0142 praw i obowi\u0105zk\u00f3w Gwaranta, Sprzedawcy i Kupuj\u0105cego<br \/>wynikaj\u0105cych z przepis\u00f3w Kodeksu Cywilnego art. 577 oraz ustawy z dn. 27.07.2002r. \u201eO szczeg\u00f3lnych warunkach sprzeda\u017cy konsumenckiej oraz zmianie Kodeksu Cywilnego\u201d Dz. U. Nr 141, poz. 1176 z 05.09.2002r. Karta Gwarancyjna jest dokumentem gwarancyjnym, do kt\u00f3rego zastosowanie ma ustawa z dn. 27.07.2002r. \u201eO szczeg\u00f3lnych warunkach sprzeda\u017cy konsumenckiej oraz zmianie Kodeksu Cywilnego\u201d Dz. U. Nr 141, poz. 1176 z 05.09.2002r.<br \/><br \/>Niniejsza Karta Gwarancyjna nie wy\u0142\u0105cza, nie ogranicza, ani nie zawiesza uprawnie\u0144 Kupuj\u0105cego wynikaj\u0105cych z niezgodno\u015bci Wyrobu z umow\u0105.<br \/><br \/>Okres gwarancji wynosi 24 miesi\u0105ce, licz\u0105c od dnia, w kt\u00f3rym wyr\u00f3b zosta\u0142 wydany.<br \/>1.Obowi\u0105zki Gwaranta<br \/>1.1 Gwarant zapewnia Kupuj\u0105cemu prawid\u0142owe funkcjonowanie i u\u017cytkowanie Wyrobu przez okres 24-ch miesi\u0119cy od daty wydania Wyrobu. Meble maj\u0105 charakter wypoczynkowy.<br \/>1.2 Reklamacj\u0119 rozpatrzymy w drodze nieodp\u0142atnej naprawy w terminie do 30 dni od otrzymania zg\u0142oszenia niezgodno\u015bci przez Gwaranta lub w terminie wyd\u0142u\u017conym, ale uzgodnionym z klientem.<br \/>1.3 Do Gwaranta nale\u017cy wyb\u00f3r odpowiedniego \u015bwiadczenia gwarancyjnego (naprawa u klienta, wymiana cz\u0119\u015bci, naprawa u Gwaranta, wymiana ca\u0142ego Wyrobu).<br \/>1.4 Ustala si\u0119 dopuszczaln\u0105 liczb\u0119 napraw wyrobu do 4-ech razy przy powtarzalnych wadach istotnych.<br \/>1.5 o przyj\u0119ciu do realizacji przez Gwaranta lub te\u017c o uznaniu reklamacji za nieuzasadnion\u0105 Kupuj\u0105cy zostanie powiadomiony niezw\u0142ocznie po zako\u0144czeniu ogl\u0119dzin mebli, poprzez dokonanie odpowiedniego wpisu do protoko\u0142u za\u0142atwienia reklamacji. We wszystkich pozosta\u0142ych przypadkach, w drodze pisemnej decyzji, w terminie 14 dni od daty zg\u0142oszenia reklamacji do Gwaranta.<br \/>1.6 Gwarancja obowi\u0105zuje pod warunkiem przestrzegania przez Kupuj\u0105cego podanych zasad u\u017cytkowania i konserwacji wyrob\u00f3w meblowych oraz innych instrukcji i zalece\u0144 przekazanych przez Gwaranta.<br \/><br \/>2. Ograniczenia odpowiedzialno\u015bci Gwaranta wobec Kupuj\u0105cego nast\u0119puj\u0105, gdy:<br \/>2.1 Kupuj\u0105cy dokona uszkodze\u0144 Wyrobu na skutek u\u017cytkowania niezgodnie z jego przeznaczeniem.<br \/>2.2 Uszkodzenia Wyrobu nast\u0105pi\u0105 w wyniku nie przestrzegania przez Kupuj\u0105cego: instrukcji monta\u017cu, zasad u\u017cytkowania i konserwacji wyrob\u00f3w meblowych lub prawid\u0142owej eksploatacji, a tak\u017ce nieostro\u017cnego przenoszenia lub przewo\u017cenia Wyrobu.<br \/>2.3 Kupuj\u0105cy nie zapewni w\u0142a\u015bciwych warunk\u00f3w w pomieszczeniach, w kt\u00f3rych Wyr\u00f3b jest eksploatowany lub przechowywany, tj. temperatury od +15\u00b0C do +30\u00b0C; wilgotno\u015bci od 25% do 80%. Odleg\u0142o\u015b\u0107 Wyrobu od czynnych \u017ar\u00f3de\u0142 ciep\u0142a nie powinna by\u0107 mniejsza ni\u017c p\u00f3\u0142 metra. Wyr\u00f3b nie mo\u017ce by\u0107 wystawiony na bezpo\u015brednie dzia\u0142anie promieni s\u0142onecznych oraz innych czynnik\u00f3w atmosferycznych.<br \/>2.4 Kupuj\u0105cy u\u017cytkuje Wyr\u00f3b niezgodnie z indywidualnymi cechami wyrobu wskazanymi przez Gwaranta.<br \/><br \/>3. Wy\u0142\u0105czenie odpowiedzialno\u015bci Gwaranta wobec roszcze\u0144 Kupuj\u0105cego.<br \/>3.1 Kupuj\u0105cy traci uprawnienia przewidziane w pkt. 3.2; 3.6 niniejszej Karty Gwarancyjnej, je\u017celi widocznych (w trakcie normalnego u\u017cytkowania ) niezgodno\u015bci z umow\u0105 nie zg\u0142osi do Sprzedawcy przed up\u0142ywem dw\u00f3ch miesi\u0119cy od chwili wydania, a w trakcie d\u0142u\u017cszego okresu u\u017cytkowania mebla je\u017celi niezgodno\u015bci stwierdzonej nie zg\u0142osi Sprzedawcy przed up\u0142ywem dw\u00f3ch miesi\u0119cy od chwili jej zauwa\u017cenia.<br \/>3.2 Roszczenia Kupuj\u0105cego ulegaj\u0105 przedawnieniu z up\u0142ywem roku od stwierdzenia przez Kupuj\u0105cego<br \/>niezgodno\u015bci Wyrobu z umow\u0105. Przedawnienie nie mo\u017ce si\u0119 sko\u0144czy\u0107 przed up\u0142ywem okresu Gwarancji na Wyr\u00f3b. Przedawnienie nie biegnie w czasie wykonywania naprawy lub wymiany oraz prowadzenia przez strony rokowa\u0144 w celu ugodowego za\u0142atwienia sprawy.<br \/>3.3 Kupuj\u0105cy nie mo\u017ce \u017c\u0105da\u0107 obni\u017cenia ceny Wyrobu lub odst\u0105pienia od umowy w przypadku wyst\u0105pienia nieistotnych niezgodno\u015bci Wyrobu z umow\u0105.<br \/>3.4 Gwarant nie odpowiada za niezgodno\u015bci Wyrobu z umow\u0105, gdy Kupuj\u0105cy o tej niezgodno\u015bci wiedzia\u0142 lub, oceniaj\u0105c rozs\u0105dnie, powinien by\u0142 wiedzie\u0107.<br \/>3.5 Niezgodno\u015b\u0107 Wyrobu z umow\u0105 nie zachodzi, je\u017celi nast\u0105pi\u0142o dodatkowe uzgodnienie w\u0142a\u015bciwo\u015bci Wyrobu z Kupuj\u0105cym dotycz\u0105ce wskazanych wad wyrobu, zmniejszaj\u0105cych u\u017cyteczno\u015b\u0107 wyrobu, pomniejszaj\u0105cych jego walory estetyczne, po\u0142\u0105czone z obni\u017ceniem ceny.<br \/>3.6 Je\u017celi Kupuj\u0105cy dokona sam lub zleci osobom trzecim dokonanie napraw b\u0105d\u017a zmian w konstrukcji Wyrobu traci uprawnienia przewidziane w pkt. 3.2; 3.3; 3.6 niniejszej Karty Gwarancyjnej.<br \/>3.7 Je\u017celi podany termin wizyty Przedstawiciela Gwaranta zosta\u0142 niedotrzymany z winy Kupuj\u0105cego to Kupuj\u0105cy traci uprawnienia przewidziane w pkt. 3.2 niniejszej Karty Gwarancyjnej, zatem nie wyst\u0119puje zw\u0142oka w za\u0142atwieniu reklamacji. w tej sytuacji Gwarant za\u0142atwia reklamacj\u0119 w nowym, ustalonym przez siebie terminie.<br \/>3.8 Je\u017celi Kupuj\u0105cy uniemo\u017cliwi Przedstawicielowi Gwaranta dokonanie naprawy wad usuwalnych, wymiany wadliwej cz\u0119\u015bci wymiany ca\u0142ego Wyrobu to uwa\u017ca si\u0119, \u017ce zrezygnowa\u0142 z uprawnie\u0144 wynikaj\u0105cych z niniejszej Karty Gwarancyjnej.<br \/>3.9 Je\u017celi Kupuj\u0105cy doprowadzi do zabrudzenia, zniszczenia, zdewastowania mebla, przekraczaj\u0105c poziom normalnego zu\u017cycia.<br \/>3.10 Gwarancj\u0105 nie s\u0105 obj\u0119te:<br \/>&#8211; efekty niew\u0142a\u015bciwych pr\u00f3b czyszczenia pokrowc\u00f3w,<br \/>&#8211; zr\u00f3\u017cnicowane zu\u017cycie spowodowane nier\u00f3wnomiern\u0105 eksploatacj\u0105 \u201esiedzisk\u201d,<br \/>&#8211; r\u00f3\u017cnice w twardo\u015bci i wysoko\u015bci pojedynczych element\u00f3w, podzespo\u0142\u00f3w uwarunkowane rozwi\u0105zaniami konstrukcyjnymi,<br \/>&#8211; r\u00f3\u017cnice \u00b1 5 cm w wymiarach rzeczywistych mebli w stosunku do wymiar\u00f3w podanych w informatorach Gwaranta,<br \/>&#8211; r\u00f3\u017cnice w strukturze drewna, oraz r\u00f3\u017cnica odcieni barwionych element\u00f3w klejonych i naturalnych drewna. Ma\u0142e otwarte warstwy s\u0119kowe, odbicia, drobne rysy, wypaczenia s\u0105 cechami i oznak\u0105 naturalno\u015bci materia\u0142u,<br \/>&#8211; zmiany zabarwienia sk\u00f3ry przejmowane od obcych materia\u0142\u00f3w o nie utrwalonych kolorach,<br \/>&#8211; marszczenia \u2013 pofa\u0142dowania materia\u0142u obiciowego (skaju lub tkaniny) na meblu z mi\u0119kkim wype\u0142nieniem wk\u0142ad\u00f3w po ka\u017cdorazowym u\u017cytkowaniu, kt\u00f3re s\u0105 naturalnym nast\u0119pstwem rozci\u0105gni\u0119cia materia\u0142u obiciowego,<br \/>&#8211; naturalne objawy u\u017cytkowania mebli tapicerowanych, kt\u00f3re polegaj\u0105 na tym, \u017ce po ka\u017cdorazowym<br \/>u\u017cytkowaniu mog\u0105 powsta\u0107 marszczenia pokrowc\u00f3w oraz przemieszczanie mi\u0119kkiego wype\u0142nienia we wk\u0142adach opar\u0107 i pod\u0142okietnik\u00f3w. Mo\u017cna je zlikwidowa\u0107 poprzez r\u0119czne wstrz\u0105sanie, klepanie i na nowo uformowanie kszta\u0142tu poduch,<br \/>&#8211; r\u00f3\u017cnice w twardo\u015bci pianek siedzisk w granicach 10%-15% z uwagi na dopuszczalny rozrzut twardo\u015bci pianek jednego gatunku podawany przez producent\u00f3w pianek oraz naturalne zmiany mi\u0119kko\u015bci poduch,<br \/>&#8211; niekt\u00f3re tkaniny mieni\u0105 si\u0119 w promieniach \u015bwiat\u0142a. Powstaje z\u0142udne wra\u017cenie wycierania si\u0119 barwy lub powstania odcieni. Nie jest to pow\u00f3d reklamacji, a jedynie cech tych tkanin.<br \/>&#8211; informuje, \u017ce ze wzgl\u0119du na ustawienia monitora jak i zmiany w dostawcach materia\u0142\u00f3w, z kt\u00f3rych wykonywane s\u0105 produkty &#8211; kolory tkanin, sk\u00f3r naturalnych, sk\u00f3r ekologicznych mog\u0105 si\u0119 r\u00f3\u017cni\u0107 od rzeczywistych.<br \/>&#8211; &#8211; odcie\u0144 tkaniny, kt\u00f3ry mo\u017ce r\u00f3\u017cni\u0107 si\u0119 od wysy\u0142anej pr\u00f3bki tkaniny. Nie jest to pow\u00f3d do reklamacji, poniewa\u017c odcie\u0144 tkaniny zale\u017cy od procesu produkcyjnego w fabryce tkanin.<br \/><br \/>3.11 Utrata uprawnie\u0144 z gwarancji nast\u0119puje szczeg\u00f3lnie w przypadku mechanicznego uszkodzenia mebla (np.: rozci\u0119cie, rozdarcie, zadrapanie, przypalenie, zabrudzenie, uszkodzenie i otarcie mebla w czasie transportu pojazdami nie nale\u017c\u0105cymi do Gwaranta, rozpakowywaniu lub u\u017cytkowania itp.) lub w wyniku nieprzestrzegania zasad u\u017cytkowania i konserwacji wyrob\u00f3w meblowych.<br \/>Przy reklamacjach nowych mebli z uszkodzeniami transportowymi nale\u017cy zachowa\u0107 grub\u0105 foli\u0119 opakowania do przyjazdu i oceny przyczyn przez przedstawiciela Gwaranta.<br \/><br \/>ZASADY U\u017bYTKOWANIA i KONSERWACJI WYROB\u00d3W MEBLOWYCH<br \/>1.Meble powinny by\u0107 u\u017cytkowane zgodnie z ich instrukcj\u0105 i przeznaczeniem.<br \/>2.Przy rozpakowaniu nie nale\u017cy u\u017cywa\u0107 ostrych narz\u0119dzi, gdy\u017c mo\u017ce to spowodowa\u0107 uszkodzenie obicia mebla!<br \/>3.W wyniku transportu po rozpakowaniu mog\u0105 nast\u0105pi\u0107 nieregularne fa\u0142dy i zagniecenia obicia. Cofni\u0119cie efektu nast\u0119puje w kilka dni po rozpakowaniu. Przyspieszenie procesu kszta\u0142towania mo\u017cna uzyska\u0107 poprzez r\u0119czne uformowanie poduch, pod\u0142okietnik\u00f3w i siedzisk.<br \/>4.Podczas przestawiania mebla nie nale\u017cy trzyma\u0107 za obicie lub jego lu\u017ane elementy (poduchy) gdy\u017c mo\u017ce to spowodowa\u0107 nieodwracalne odkszta\u0142cenia lub rozerwania. Meble lub elementy zestawu nale\u017cy przenosi\u0107, chwytaj\u0105c je od spodu za sztywne elementy konstrukcji no\u015bnej. Meble nie nale\u017cy przesuwa\u0107 gdy\u017c kraw\u0119dzie<br \/>st\u00f3pek mog\u0105 spowodowa\u0107 nieodwracalne uszkodzenia pod\u0142ogi.<br \/>5.Meble nale\u017cy u\u017cywa\u0107 w pomieszczeniach suchych, zamkni\u0119tych i zabezpieczonych przed szkodliwymi wp\u0142ywami atmosferycznymi oraz bezpo\u015brednim dzia\u0142aniem promieni s\u0142onecznych. Wilgotno\u015b\u0107 powietrza w pomieszczeniach powinna mie\u015bci\u0107 si\u0119 w granicach 25%-80%. Temperatura dopuszczalna od +15\u00b0C do +30\u00b0C.Mebli nie nale\u017cy ustawia\u0107 w odleg\u0142o\u015bci mniejszej ni\u017c p\u00f3\u0142 metra od czynnych grzejnik\u00f3w, piec\u00f3w.<br \/>6.Meble chroni\u0107 przed nieuzasadnionymi uszkodzeniami mechanicznymi, kt\u00f3re mog\u0105 by\u0107 spowodowane np. siadaniem na p\u0142yt\u0119 podg\u0142\u00f3wka, stawaniem lub siadaniem na pod\u0142okietnikach, kraw\u0119dziach opar\u0107 i siedzisk, na pojedynczych drewnianych listwach spr\u0119\u017cynuj\u0105cych wysuwki, rozpychaniem skrzyni po\u015bcielowej przez umieszczenie nadmiernej obj\u0119to\u015bci po\u015bcieli itp.<br \/>7.Wymagane jest r\u00f3wnie\u017c wypoziomowanie i ustawienie mebli na r\u00f3wnej posadzce.<br \/>8.Przy rozk\u0142adaniu sof do le\u017cenia wa\u017cnym jest, aby zawsze czynno\u015b\u0107 t\u0119 wykonywa\u0107 stoj\u0105c przed meblem, po\u015brodku jego szeroko\u015bci. Podnie\u015b\u0107 nieco od do\u0142u siedzisko i wysun\u0105\u0107 do oporu, prowadz\u0105c prostoliniowo. Materace wychylane zestaw\u00f3w wypoczynkowych naro\u017cnikowych nale\u017cy wyci\u0105ga\u0107 ruchem pionowo sko\u015bnym do przodu, po uprzednim wysuni\u0119ciu segmentu do le\u017cenia, jak przy sofach.<br \/>9.Niekt\u00f3re tkaniny mieni\u0105 si\u0119 w promieniach \u015bwiat\u0142a. Wygl\u0105da to tak, jakby mia\u0142y r\u00f3\u017cne odcienie. Nie jest to pow\u00f3d do reklamacji, a cecha charakterystyczna tych tkanin.<br \/>10.Zastosowane w meblach tkaniny nie wymagaj\u0105 specjalnej piel\u0119gnacji. Wystarcza co pewien czas oczyszczenie zewn\u0119trznej powierzchni tapicerki such\u0105, mi\u0119kk\u0105 \u015bciereczk\u0105 lub w przypadku tkanin mi\u0119kk\u0105 szczotk\u0105 do ubra\u0144, ewentualnie odkurzaczem z nasadk\u0105 do tapicerki.<br \/>11.Plamy i wi\u0119ksze zabrudzenia nale\u017cy usun\u0105\u0107 natychmiast mi\u0119kk\u0105, bia\u0142\u0105 bawe\u0142nian\u0105 \u015bciereczk\u0105 zwil\u017con\u0105 w letniej wodzie, okr\u0119\u017cnymi ruchami bez wywierania wi\u0119kszego nacisku. Wilgotne po oczyszczeniu miejsca pozostawi\u0107 do naturalnego wyschni\u0119cia (nie u\u017cywa\u0107 suszarki). Przy trudno schodz\u0105cych plamach mo\u017cna u\u017cy\u0107 delikatnego, szarego myd\u0142a. Bezpo\u015brednio po wyschni\u0119ciu miejsca oczyszczone na pokrowcach z tkanin mo\u017cna przeczesa\u0107 szczotk\u0105 do ubra\u0144.<br \/><br \/>UWAGA!<br \/>1. Do czyszczenia tkanin obiciowych w \u017cadnym wypadku nie stosowa\u0107 \u015brodk\u00f3w chemicznych typu<br \/>rozpuszczalniki, benzyna, alkohol.<br \/>2. Du\u017cy nacisk przy czyszczeniu mo\u017ce spowodowa\u0107 rozja\u015bnienie kolor\u00f3w lub \u0142uszczenie warstwy<br \/>barwnika.<br \/>3. Wymagana jest zawsze przezorno\u015b\u0107, aby na ma\u0142o widocznym miejscu tapicerki przeprowadzi\u0107 pr\u00f3b\u0119, jak zachowuj\u0105 si\u0119 kolory przy czyszczeniu.<br \/>4. \u015arodki piel\u0119gnuj\u0105co-czyszcz\u0105ce przeznaczone do mebli znajduj\u0105ce si\u0119 w og\u00f3lnodost\u0119pnym handlu<br \/>mog\u0105 by\u0107 u\u017cyte wy\u0142\u0105cznie na odpowiedzialno\u015b\u0107 Kupuj\u0105cego.<\/p>\t\t\t\t\t\t\t\t<\/div>\n\t\t\t\t<\/div>\n\t\t\t\t\t<\/div>\n\t\t\t\t<\/div>\n\t\t\t\t<\/div>\n\t\t","protected":false},"excerpt":{"rendered":"<p>Gwarant \/ Sprzedawca \u2013 Kramid Sp. z o.o., z siedzib\u0105 w Warszawie, REGON 389836553, NIP 9512525561. Sprzedawca zobowi\u0105zany jest do:<\/p>\n","protected":false},"author":14,"featured_media":0,"parent":0,"menu_order":0,"comment_status":"closed","ping_status":"closed","template":"","meta":{"footnotes":""},"class_list":["post-37590","page","type-page","status-publish","hentry"],"yoast_head":"<!-- This site is optimized with the Yoast SEO plugin v27.2 - https:\/\/yoast.com\/product\/yoast-seo-wordpress\/ -->\n<title>Sofasoff<\/title>\n<meta name=\"robots\" content=\"index, follow, max-snippet:-1, max-image-preview:large, max-video-preview:-1\" \/>\n<link rel=\"canonical\" href=\"https:\/\/soffstore.pl\/gwarancja\/\" \/>\n<meta property=\"og:locale\" content=\"en_US\" \/>\n<meta property=\"og:type\" content=\"article\" \/>\n<meta property=\"og:title\" content=\"Sofasoff\" \/>\n<meta property=\"og:description\" content=\"Gwarant \/ Sprzedawca \u2013 Kramid Sp. z o.o., z siedzib\u0105 w Warszawie, REGON 389836553, NIP 9512525561. Sprzedawca zobowi\u0105zany jest do:\" \/>\n<meta property=\"og:url\" content=\"https:\/\/soffstore.pl\/gwarancja\/\" \/>\n<meta property=\"og:site_name\" content=\"Sofasoff\" \/>\n<meta property=\"article:modified_time\" content=\"2025-03-23T12:19:28+00:00\" \/>\n<meta name=\"twitter:card\" content=\"summary_large_image\" \/>\n<meta name=\"twitter:label1\" content=\"Est. reading time\" \/>\n\t<meta name=\"twitter:data1\" content=\"10 minutes\" \/>\n<script type=\"application\/ld+json\" class=\"yoast-schema-graph\">{\"@context\":\"https:\/\/schema.org\",\"@graph\":[{\"@type\":\"WebPage\",\"@id\":\"https:\/\/soffstore.pl\/gwarancja\/\",\"url\":\"https:\/\/soffstore.pl\/gwarancja\/\",\"name\":\"Sofasoff\",\"isPartOf\":{\"@id\":\"https:\/\/soffstore.pl\/de\/#website\"},\"datePublished\":\"2025-03-23T12:17:46+00:00\",\"dateModified\":\"2025-03-23T12:19:28+00:00\",\"breadcrumb\":{\"@id\":\"https:\/\/soffstore.pl\/gwarancja\/#breadcrumb\"},\"inLanguage\":\"en-US\",\"potentialAction\":[{\"@type\":\"ReadAction\",\"target\":[\"https:\/\/soffstore.pl\/gwarancja\/\"]}]},{\"@type\":\"BreadcrumbList\",\"@id\":\"https:\/\/soffstore.pl\/gwarancja\/#breadcrumb\",\"itemListElement\":[{\"@type\":\"ListItem\",\"position\":1,\"name\":\"\u0413\u043b\u0430\u0432\u043d\u0430\u044f \u0441\u0442\u0440\u0430\u043d\u0438\u0446\u0430\",\"item\":\"https:\/\/soffstore.pl\/\"},{\"@type\":\"ListItem\",\"position\":2,\"name\":\"Gwarancja\"}]},{\"@type\":\"WebSite\",\"@id\":\"https:\/\/soffstore.pl\/de\/#website\",\"url\":\"https:\/\/soffstore.pl\/de\/\",\"name\":\"Kup kanapy w Warszawie: nowoczesne, modu\u0142owe i rozk\u0142adanesofy do salonu\",\"description\":\"Kup meble tapicerowane w Polsce\",\"publisher\":{\"@id\":\"https:\/\/soffstore.pl\/de\/#organization\"},\"potentialAction\":[{\"@type\":\"SearchAction\",\"target\":{\"@type\":\"EntryPoint\",\"urlTemplate\":\"https:\/\/soffstore.pl\/de\/?s={search_term_string}\"},\"query-input\":{\"@type\":\"PropertyValueSpecification\",\"valueRequired\":true,\"valueName\":\"search_term_string\"}}],\"inLanguage\":\"en-US\"},{\"@type\":\"Organization\",\"@id\":\"https:\/\/soffstore.pl\/de\/#organization\",\"name\":\"Sofasoff\",\"url\":\"https:\/\/soffstore.pl\/de\/\",\"logo\":{\"@type\":\"ImageObject\",\"inLanguage\":\"en-US\",\"@id\":\"https:\/\/soffstore.pl\/de\/#\/schema\/logo\/image\/\",\"url\":\"https:\/\/soffstore.pl\/wp-content\/uploads\/2024\/05\/sofalogo-e1715764889428.png\",\"contentUrl\":\"https:\/\/soffstore.pl\/wp-content\/uploads\/2024\/05\/sofalogo-e1715764889428.png\",\"width\":563,\"height\":138,\"caption\":\"Sofasoff\"},\"image\":{\"@id\":\"https:\/\/soffstore.pl\/de\/#\/schema\/logo\/image\/\"}}]}<\/script>\n<!-- \/ Yoast SEO plugin. -->","yoast_head_json":{"title":"Sofasoff","robots":{"index":"index","follow":"follow","max-snippet":"max-snippet:-1","max-image-preview":"max-image-preview:large","max-video-preview":"max-video-preview:-1"},"canonical":"https:\/\/soffstore.pl\/gwarancja\/","og_locale":"en_US","og_type":"article","og_title":"Sofasoff","og_description":"Gwarant \/ Sprzedawca \u2013 Kramid Sp. z o.o., z siedzib\u0105 w Warszawie, REGON 389836553, NIP 9512525561. Sprzedawca zobowi\u0105zany jest do:","og_url":"https:\/\/soffstore.pl\/gwarancja\/","og_site_name":"Sofasoff","article_modified_time":"2025-03-23T12:19:28+00:00","twitter_card":"summary_large_image","twitter_misc":{"Est. reading time":"10 minutes"},"schema":{"@context":"https:\/\/schema.org","@graph":[{"@type":"WebPage","@id":"https:\/\/soffstore.pl\/gwarancja\/","url":"https:\/\/soffstore.pl\/gwarancja\/","name":"Sofasoff","isPartOf":{"@id":"https:\/\/soffstore.pl\/de\/#website"},"datePublished":"2025-03-23T12:17:46+00:00","dateModified":"2025-03-23T12:19:28+00:00","breadcrumb":{"@id":"https:\/\/soffstore.pl\/gwarancja\/#breadcrumb"},"inLanguage":"en-US","potentialAction":[{"@type":"ReadAction","target":["https:\/\/soffstore.pl\/gwarancja\/"]}]},{"@type":"BreadcrumbList","@id":"https:\/\/soffstore.pl\/gwarancja\/#breadcrumb","itemListElement":[{"@type":"ListItem","position":1,"name":"\u0413\u043b\u0430\u0432\u043d\u0430\u044f \u0441\u0442\u0440\u0430\u043d\u0438\u0446\u0430","item":"https:\/\/soffstore.pl\/"},{"@type":"ListItem","position":2,"name":"Gwarancja"}]},{"@type":"WebSite","@id":"https:\/\/soffstore.pl\/de\/#website","url":"https:\/\/soffstore.pl\/de\/","name":"Kup kanapy w Warszawie: nowoczesne, modu\u0142owe i rozk\u0142adanesofy do salonu","description":"Kup meble tapicerowane w Polsce","publisher":{"@id":"https:\/\/soffstore.pl\/de\/#organization"},"potentialAction":[{"@type":"SearchAction","target":{"@type":"EntryPoint","urlTemplate":"https:\/\/soffstore.pl\/de\/?s={search_term_string}"},"query-input":{"@type":"PropertyValueSpecification","valueRequired":true,"valueName":"search_term_string"}}],"inLanguage":"en-US"},{"@type":"Organization","@id":"https:\/\/soffstore.pl\/de\/#organization","name":"Sofasoff","url":"https:\/\/soffstore.pl\/de\/","logo":{"@type":"ImageObject","inLanguage":"en-US","@id":"https:\/\/soffstore.pl\/de\/#\/schema\/logo\/image\/","url":"https:\/\/soffstore.pl\/wp-content\/uploads\/2024\/05\/sofalogo-e1715764889428.png","contentUrl":"https:\/\/soffstore.pl\/wp-content\/uploads\/2024\/05\/sofalogo-e1715764889428.png","width":563,"height":138,"caption":"Sofasoff"},"image":{"@id":"https:\/\/soffstore.pl\/de\/#\/schema\/logo\/image\/"}}]}},"_links":{"self":[{"href":"https:\/\/soffstore.pl\/pl\/wp-json\/wp\/v2\/pages\/37590","targetHints":{"allow":["GET"]}}],"collection":[{"href":"https:\/\/soffstore.pl\/pl\/wp-json\/wp\/v2\/pages"}],"about":[{"href":"https:\/\/soffstore.pl\/pl\/wp-json\/wp\/v2\/types\/page"}],"author":[{"embeddable":true,"href":"https:\/\/soffstore.pl\/pl\/wp-json\/wp\/v2\/users\/14"}],"replies":[{"embeddable":true,"href":"https:\/\/soffstore.pl\/pl\/wp-json\/wp\/v2\/comments?post=37590"}],"version-history":[{"count":4,"href":"https:\/\/soffstore.pl\/pl\/wp-json\/wp\/v2\/pages\/37590\/revisions"}],"predecessor-version":[{"id":37595,"href":"https:\/\/soffstore.pl\/pl\/wp-json\/wp\/v2\/pages\/37590\/revisions\/37595"}],"wp:attachment":[{"href":"https:\/\/soffstore.pl\/pl\/wp-json\/wp\/v2\/media?parent=37590"}],"curies":[{"name":"wp","href":"https:\/\/api.w.org\/{rel}","templated":true}]}}