{"id":38104,"date":"2025-03-24T20:07:32","date_gmt":"2025-03-24T19:07:32","guid":{"rendered":"https:\/\/soffstore.pl\/?page_id=38104"},"modified":"2025-04-08T20:15:31","modified_gmt":"2025-04-08T19:15:31","slug":"nasze-wiadomosci","status":"publish","type":"page","link":"https:\/\/soffstore.pl\/pl\/nasze-wiadomosci\/","title":{"rendered":"Nasze wiadomo\u015bci"},"content":{"rendered":"\t\t<div data-elementor-type=\"wp-page\" data-elementor-id=\"38104\" class=\"elementor elementor-38104\">\n\t\t\t\t<div class=\"wd-negative-gap elementor-element elementor-element-79691a9 e-flex e-con-boxed e-con e-parent\" data-id=\"79691a9\" data-element_type=\"container\" data-e-type=\"container\">\n\t\t\t\t\t<div class=\"e-con-inner\">\n\t\t\t\t<div class=\"elementor-element elementor-element-7ce98f22 color-scheme-inherit text-left elementor-widget elementor-widget-text-editor\" data-id=\"7ce98f22\" data-element_type=\"widget\" data-e-type=\"widget\" data-widget_type=\"text-editor.default\">\n\t\t\t\t<div class=\"elementor-widget-container\">\n\t\t\t\t\t\t\t\t\t<p>Nasze wiadomo\u015bci<\/p>\t\t\t\t\t\t\t\t<\/div>\n\t\t\t\t<\/div>\n\t\t\t\t\t<\/div>\n\t\t\t\t<\/div>\n\t\t<div class=\"wd-negative-gap elementor-element elementor-element-09fa69e e-flex e-con-boxed e-con e-parent\" data-id=\"09fa69e\" data-element_type=\"container\" data-e-type=\"container\">\n\t\t\t\t\t<div class=\"e-con-inner\">\n\t\t\t\t<div class=\"elementor-element elementor-element-7784205 color-scheme-inherit text-left elementor-widget elementor-widget-text-editor\" data-id=\"7784205\" data-element_type=\"widget\" data-e-type=\"widget\" data-widget_type=\"text-editor.default\">\n\t\t\t\t<div class=\"elementor-widget-container\">\n\t\t\t\t\t\t\t\t\t<p><div class=\"pt-cv-wrapper\"><div class=\"pt-cv-view pt-cv-blockgrid iscvblock iscvhybrid grid1 layout1\" id=\"pt-cv-view-1ff3e81gzt\"><div data-id=\"pt-cv-page-1\" class=\"pt-cv-page\" data-cvc=\"3\"><div class=\" pt-cv-content-item pt-cv-1-col\" ><div class=\"pt-cv-thumb-wrapper  \"><a href=\"https:\/\/soffstore.pl\/pl\/gdzie-kupic-sofe-w-warszawie\/\" class=\"_self pt-cv-href-thumbnail pt-cv-thumb-default\" target=\"_self\" ><img decoding=\"async\" width=\"400\" height=\"300\" src=\"https:\/\/soffstore.pl\/wp-content\/uploads\/2024\/07\/IMG_6062-400x300.jpg\" class=\"pt-cv-thumbnail\" alt=\"\" srcset=\"https:\/\/soffstore.pl\/wp-content\/uploads\/2024\/07\/IMG_6062-400x300.jpg 400w, https:\/\/soffstore.pl\/wp-content\/uploads\/2024\/07\/IMG_6062-1067x800.jpg 1067w, https:\/\/soffstore.pl\/wp-content\/uploads\/2024\/07\/IMG_6062-768x576.jpg 768w, https:\/\/soffstore.pl\/wp-content\/uploads\/2024\/07\/IMG_6062-1536x1152.jpg 1536w, https:\/\/soffstore.pl\/wp-content\/uploads\/2024\/07\/IMG_6062-2048x1536.jpg 2048w, https:\/\/soffstore.pl\/wp-content\/uploads\/2024\/07\/IMG_6062-600x450.jpg 600w\" sizes=\"(max-width: 400px) 100vw, 400px\" \/><\/a><\/div>\n<div class=\"pt-cv-taxoterm above_title\"><a href='https:\/\/soffstore.pl\/pl\/category\/nowosc\/' title='nowo\u015b\u0107' class='pt-cv-tax-nowosc'>nowo\u015b\u0107<\/a><\/div>\n<h4 class=\"pt-cv-title\"><a href=\"https:\/\/soffstore.pl\/pl\/gdzie-kupic-sofe-w-warszawie\/\" class=\"_self\" target=\"_self\" >Gdzie kupi\u0107 sof\u0119 w Warszawie<\/a><\/h4>\n<div class=\"pt-cv-content\">Gdzie kupi\u0107 sof\u0119 w Warszawie: poradnik wyboru i najlepsze oferty Wst\u0119p Zakup sofy to wa\u017cna decyzja, kt\u00f3ra wp\u0142ywa na komfort &#8230;<br \/><div class=\"pt-cv-rmwrap\"><a href=\"https:\/\/soffstore.pl\/pl\/gdzie-kupic-sofe-w-warszawie\/\" class=\"_self pt-cv-readmore btn btn-success\" target=\"_self\">Dalej&#8230;<\/a><\/div><\/div><\/div>\n<div class=\" pt-cv-content-item pt-cv-1-col\" ><div class=\"pt-cv-thumb-wrapper  \"><a href=\"https:\/\/soffstore.pl\/pl\/jak-wybrac-idealna-sofe-do-salonu\/\" class=\"_self pt-cv-href-thumbnail pt-cv-thumb-default\" target=\"_self\" ><img decoding=\"async\" width=\"400\" height=\"225\" src=\"https:\/\/soffstore.pl\/wp-content\/uploads\/2025\/03\/c232fc33effe1d04acadd34824c814c5-400x225.webp\" class=\"pt-cv-thumbnail\" alt=\"\" srcset=\"https:\/\/soffstore.pl\/wp-content\/uploads\/2025\/03\/c232fc33effe1d04acadd34824c814c5-400x225.webp 400w, https:\/\/soffstore.pl\/wp-content\/uploads\/2025\/03\/c232fc33effe1d04acadd34824c814c5-768x432.webp 768w, https:\/\/soffstore.pl\/wp-content\/uploads\/2025\/03\/c232fc33effe1d04acadd34824c814c5-600x338.webp 600w, https:\/\/soffstore.pl\/wp-content\/uploads\/2025\/03\/c232fc33effe1d04acadd34824c814c5-1200x675.webp 1200w, https:\/\/soffstore.pl\/wp-content\/uploads\/2025\/03\/c232fc33effe1d04acadd34824c814c5-150x84.webp 150w, https:\/\/soffstore.pl\/wp-content\/uploads\/2025\/03\/c232fc33effe1d04acadd34824c814c5.webp 1280w\" sizes=\"(max-width: 400px) 100vw, 400px\" \/><\/a><\/div>\n<div class=\"pt-cv-taxoterm above_title\"><a href='https:\/\/soffstore.pl\/pl\/category\/nowosc\/' title='nowo\u015b\u0107' class='pt-cv-tax-nowosc'>nowo\u015b\u0107<\/a><\/div>\n<h4 class=\"pt-cv-title\"><a href=\"https:\/\/soffstore.pl\/pl\/jak-wybrac-idealna-sofe-do-salonu\/\" class=\"_self\" target=\"_self\" >Jak wybra\u0107 idealn\u0105 sof\u0119 do salonu?<\/a><\/h4>\n<div class=\"pt-cv-content\">Jak wybra\u0107 idealn\u0105 sof\u0119 do salonu? Praktyczny przewodnik Wst\u0119p Sofa to serce ka\u017cdego salonu. Musi by\u0107 wygodna, stylowa i dopasowana &#8230;<br \/><div class=\"pt-cv-rmwrap\"><a href=\"https:\/\/soffstore.pl\/pl\/jak-wybrac-idealna-sofe-do-salonu\/\" class=\"_self pt-cv-readmore btn btn-success\" target=\"_self\">Dalej&#8230;<\/a><\/div><\/div><\/div><\/div><\/div><\/div>\t\t\t<style type=\"text\/css\" id=\"pt-cv-inline-style-32d1fb4rfc\">\n#pt-cv-view-1ff3e81gzt .pt-cv-thumb-wrapper:not(.miniwrap) {  }#pt-cv-view-1ff3e81gzt .pt-cv-thumbnail:not(.pt-cv-thumbnailsm) { height: 250px; }#pt-cv-view-1ff3e81gzt > .pt-cv-page {grid-template-columns: repeat(3, 1fr);grid-gap: 15px;}\n@media all and (max-width: 1024px) { \n#pt-cv-view-1ff3e81gzt > .pt-cv-page {grid-template-columns: repeat(1, 1fr);}\n} \n@media all and (max-width: 767px) { \n#pt-cv-view-1ff3e81gzt > .pt-cv-page {grid-template-columns: repeat(1, 1fr);}\n} <\/style>\r\n\t\t\t<\/p>\t\t\t\t\t\t\t\t<\/div>\n\t\t\t\t<\/div>\n\t\t\t\t\t<\/div>\n\t\t\t\t<\/div>\n\t\t\t\t<\/div>\n\t\t","protected":false},"excerpt":{"rendered":"<p>Nasze wiadomo\u015bci<\/p>\n","protected":false},"author":14,"featured_media":0,"parent":0,"menu_order":0,"comment_status":"closed","ping_status":"closed","template":"","meta":{"footnotes":""},"class_list":["post-38104","page","type-page","status-publish","hentry"],"yoast_head":"<!-- This site is optimized with the Yoast SEO plugin v27.2 - https:\/\/yoast.com\/product\/yoast-seo-wordpress\/ -->\n<title>Wiadomo\u015bci i aktualizacje sklepu internetowego z sofami i \u0142\u00f3\u017ckami w Polsce.<\/title>\n<meta name=\"description\" content=\"Naj\u015bwie\u017csze wiadomo\u015bci, promocje i aktualizacje naszego sklepu internetowego z sofami i \u0142\u00f3\u017ckami. Sprawd\u017a nowe kolekcje i oferty!\" \/>\n<meta name=\"robots\" content=\"index, follow, max-snippet:-1, max-image-preview:large, max-video-preview:-1\" \/>\n<link rel=\"canonical\" href=\"https:\/\/soffstore.pl\/nasze-wiadomosci\/\" \/>\n<meta property=\"og:locale\" content=\"en_US\" \/>\n<meta property=\"og:type\" content=\"article\" \/>\n<meta property=\"og:title\" content=\"Wiadomo\u015bci i aktualizacje sklepu internetowego z sofami i \u0142\u00f3\u017ckami w Polsce.\" \/>\n<meta property=\"og:description\" content=\"Naj\u015bwie\u017csze wiadomo\u015bci, promocje i aktualizacje naszego sklepu internetowego z sofami i \u0142\u00f3\u017ckami. Sprawd\u017a nowe kolekcje i oferty!\" \/>\n<meta property=\"og:url\" content=\"https:\/\/soffstore.pl\/nasze-wiadomosci\/\" \/>\n<meta property=\"og:site_name\" content=\"Sofasoff\" \/>\n<meta property=\"article:modified_time\" content=\"2025-04-08T19:15:31+00:00\" \/>\n<meta name=\"twitter:card\" content=\"summary_large_image\" \/>\n<meta name=\"twitter:label1\" content=\"Est. reading time\" \/>\n\t<meta name=\"twitter:data1\" content=\"1 minute\" \/>\n<script type=\"application\/ld+json\" class=\"yoast-schema-graph\">{\"@context\":\"https:\/\/schema.org\",\"@graph\":[{\"@type\":\"WebPage\",\"@id\":\"https:\/\/soffstore.pl\/nasze-wiadomosci\/\",\"url\":\"https:\/\/soffstore.pl\/nasze-wiadomosci\/\",\"name\":\"Wiadomo\u015bci i aktualizacje sklepu internetowego z sofami i \u0142\u00f3\u017ckami w Polsce.\",\"isPartOf\":{\"@id\":\"https:\/\/soffstore.pl\/de\/#website\"},\"datePublished\":\"2025-03-24T19:07:32+00:00\",\"dateModified\":\"2025-04-08T19:15:31+00:00\",\"description\":\"Naj\u015bwie\u017csze wiadomo\u015bci, promocje i aktualizacje naszego sklepu internetowego z sofami i \u0142\u00f3\u017ckami. Sprawd\u017a nowe kolekcje i oferty!\",\"breadcrumb\":{\"@id\":\"https:\/\/soffstore.pl\/nasze-wiadomosci\/#breadcrumb\"},\"inLanguage\":\"en-US\",\"potentialAction\":[{\"@type\":\"ReadAction\",\"target\":[\"https:\/\/soffstore.pl\/nasze-wiadomosci\/\"]}]},{\"@type\":\"BreadcrumbList\",\"@id\":\"https:\/\/soffstore.pl\/nasze-wiadomosci\/#breadcrumb\",\"itemListElement\":[{\"@type\":\"ListItem\",\"position\":1,\"name\":\"\u0413\u043b\u0430\u0432\u043d\u0430\u044f \u0441\u0442\u0440\u0430\u043d\u0438\u0446\u0430\",\"item\":\"https:\/\/soffstore.pl\/\"},{\"@type\":\"ListItem\",\"position\":2,\"name\":\"Nasze wiadomo\u015bci\"}]},{\"@type\":\"WebSite\",\"@id\":\"https:\/\/soffstore.pl\/de\/#website\",\"url\":\"https:\/\/soffstore.pl\/de\/\",\"name\":\"Kup kanapy w Warszawie: nowoczesne, modu\u0142owe i rozk\u0142adanesofy do salonu\",\"description\":\"Kup meble tapicerowane w Polsce\",\"publisher\":{\"@id\":\"https:\/\/soffstore.pl\/de\/#organization\"},\"potentialAction\":[{\"@type\":\"SearchAction\",\"target\":{\"@type\":\"EntryPoint\",\"urlTemplate\":\"https:\/\/soffstore.pl\/de\/?s={search_term_string}\"},\"query-input\":{\"@type\":\"PropertyValueSpecification\",\"valueRequired\":true,\"valueName\":\"search_term_string\"}}],\"inLanguage\":\"en-US\"},{\"@type\":\"Organization\",\"@id\":\"https:\/\/soffstore.pl\/de\/#organization\",\"name\":\"Sofasoff\",\"url\":\"https:\/\/soffstore.pl\/de\/\",\"logo\":{\"@type\":\"ImageObject\",\"inLanguage\":\"en-US\",\"@id\":\"https:\/\/soffstore.pl\/de\/#\/schema\/logo\/image\/\",\"url\":\"https:\/\/soffstore.pl\/wp-content\/uploads\/2024\/05\/sofalogo-e1715764889428.png\",\"contentUrl\":\"https:\/\/soffstore.pl\/wp-content\/uploads\/2024\/05\/sofalogo-e1715764889428.png\",\"width\":563,\"height\":138,\"caption\":\"Sofasoff\"},\"image\":{\"@id\":\"https:\/\/soffstore.pl\/de\/#\/schema\/logo\/image\/\"}}]}<\/script>\n<!-- \/ Yoast SEO plugin. -->","yoast_head_json":{"title":"Wiadomo\u015bci i aktualizacje sklepu internetowego z sofami i \u0142\u00f3\u017ckami w Polsce.","description":"Naj\u015bwie\u017csze wiadomo\u015bci, promocje i aktualizacje naszego sklepu internetowego z sofami i \u0142\u00f3\u017ckami. Sprawd\u017a nowe kolekcje i oferty!","robots":{"index":"index","follow":"follow","max-snippet":"max-snippet:-1","max-image-preview":"max-image-preview:large","max-video-preview":"max-video-preview:-1"},"canonical":"https:\/\/soffstore.pl\/nasze-wiadomosci\/","og_locale":"en_US","og_type":"article","og_title":"Wiadomo\u015bci i aktualizacje sklepu internetowego z sofami i \u0142\u00f3\u017ckami w Polsce.","og_description":"Naj\u015bwie\u017csze wiadomo\u015bci, promocje i aktualizacje naszego sklepu internetowego z sofami i \u0142\u00f3\u017ckami. Sprawd\u017a nowe kolekcje i oferty!","og_url":"https:\/\/soffstore.pl\/nasze-wiadomosci\/","og_site_name":"Sofasoff","article_modified_time":"2025-04-08T19:15:31+00:00","twitter_card":"summary_large_image","twitter_misc":{"Est. reading time":"1 minute"},"schema":{"@context":"https:\/\/schema.org","@graph":[{"@type":"WebPage","@id":"https:\/\/soffstore.pl\/nasze-wiadomosci\/","url":"https:\/\/soffstore.pl\/nasze-wiadomosci\/","name":"Wiadomo\u015bci i aktualizacje sklepu internetowego z sofami i \u0142\u00f3\u017ckami w Polsce.","isPartOf":{"@id":"https:\/\/soffstore.pl\/de\/#website"},"datePublished":"2025-03-24T19:07:32+00:00","dateModified":"2025-04-08T19:15:31+00:00","description":"Naj\u015bwie\u017csze wiadomo\u015bci, promocje i aktualizacje naszego sklepu internetowego z sofami i \u0142\u00f3\u017ckami. Sprawd\u017a nowe kolekcje i oferty!","breadcrumb":{"@id":"https:\/\/soffstore.pl\/nasze-wiadomosci\/#breadcrumb"},"inLanguage":"en-US","potentialAction":[{"@type":"ReadAction","target":["https:\/\/soffstore.pl\/nasze-wiadomosci\/"]}]},{"@type":"BreadcrumbList","@id":"https:\/\/soffstore.pl\/nasze-wiadomosci\/#breadcrumb","itemListElement":[{"@type":"ListItem","position":1,"name":"\u0413\u043b\u0430\u0432\u043d\u0430\u044f \u0441\u0442\u0440\u0430\u043d\u0438\u0446\u0430","item":"https:\/\/soffstore.pl\/"},{"@type":"ListItem","position":2,"name":"Nasze wiadomo\u015bci"}]},{"@type":"WebSite","@id":"https:\/\/soffstore.pl\/de\/#website","url":"https:\/\/soffstore.pl\/de\/","name":"Kup kanapy w Warszawie: nowoczesne, modu\u0142owe i rozk\u0142adanesofy do salonu","description":"Kup meble tapicerowane w Polsce","publisher":{"@id":"https:\/\/soffstore.pl\/de\/#organization"},"potentialAction":[{"@type":"SearchAction","target":{"@type":"EntryPoint","urlTemplate":"https:\/\/soffstore.pl\/de\/?s={search_term_string}"},"query-input":{"@type":"PropertyValueSpecification","valueRequired":true,"valueName":"search_term_string"}}],"inLanguage":"en-US"},{"@type":"Organization","@id":"https:\/\/soffstore.pl\/de\/#organization","name":"Sofasoff","url":"https:\/\/soffstore.pl\/de\/","logo":{"@type":"ImageObject","inLanguage":"en-US","@id":"https:\/\/soffstore.pl\/de\/#\/schema\/logo\/image\/","url":"https:\/\/soffstore.pl\/wp-content\/uploads\/2024\/05\/sofalogo-e1715764889428.png","contentUrl":"https:\/\/soffstore.pl\/wp-content\/uploads\/2024\/05\/sofalogo-e1715764889428.png","width":563,"height":138,"caption":"Sofasoff"},"image":{"@id":"https:\/\/soffstore.pl\/de\/#\/schema\/logo\/image\/"}}]}},"_links":{"self":[{"href":"https:\/\/soffstore.pl\/pl\/wp-json\/wp\/v2\/pages\/38104","targetHints":{"allow":["GET"]}}],"collection":[{"href":"https:\/\/soffstore.pl\/pl\/wp-json\/wp\/v2\/pages"}],"about":[{"href":"https:\/\/soffstore.pl\/pl\/wp-json\/wp\/v2\/types\/page"}],"author":[{"embeddable":true,"href":"https:\/\/soffstore.pl\/pl\/wp-json\/wp\/v2\/users\/14"}],"replies":[{"embeddable":true,"href":"https:\/\/soffstore.pl\/pl\/wp-json\/wp\/v2\/comments?post=38104"}],"version-history":[{"count":28,"href":"https:\/\/soffstore.pl\/pl\/wp-json\/wp\/v2\/pages\/38104\/revisions"}],"predecessor-version":[{"id":38312,"href":"https:\/\/soffstore.pl\/pl\/wp-json\/wp\/v2\/pages\/38104\/revisions\/38312"}],"wp:attachment":[{"href":"https:\/\/soffstore.pl\/pl\/wp-json\/wp\/v2\/media?parent=38104"}],"curies":[{"name":"wp","href":"https:\/\/api.w.org\/{rel}","templated":true}]}}