{"id":38896,"date":"2025-06-09T18:31:23","date_gmt":"2025-06-09T17:31:23","guid":{"rendered":"https:\/\/soffstore.pl\/?page_id=38896"},"modified":"2025-06-09T18:32:40","modified_gmt":"2025-06-09T17:32:40","slug":"credit-agricole-raty","status":"publish","type":"page","link":"https:\/\/soffstore.pl\/pl\/credit-agricole-raty\/","title":{"rendered":"Credit Agricole Raty"},"content":{"rendered":"<p>Kupuj wygodnie, wybierz raty banku Credit Agricole.<\/p>\n<p>Sprawd\u017a jakie to proste:<br \/>\n\u2022 wybierz produkt kt\u00f3ry Ci\u0119 interesuje, gdy warto\u015b\u0107 koszyka wyniesie minimum 100 z\u0142<br \/>\nskorzystaj z rat banku Credit Agricole,<br \/>\n\u2022 wype\u0142nij wniosek online i poczekaj na decyzj\u0119 kredytow\u0105,<br \/>\n\u2022 przelej 1 z\u0142 i za\u0142\u0105cz zdj\u0119cie dowodu osobistego (o ile b\u0119dzie to wymagane)<br \/>\n\u2022 potwierd\u017a zawarcie umowy kodem z SMS,<br \/>\n\u2022 umow\u0119 otrzymasz na swoj\u0105 skrzynk\u0119 e-mail, a sklep zacznie realizowa\u0107 Twoje zam\u00f3wienie.<\/p>\n<p>SOFFSTORE w imieniu Credit Agricole Bank Polska S.A. wykonuje czynno\u015bci faktyczne zwi\u0105zane<br \/>\nz zawarciem umowy kredytu ratalnego z osobami fizycznymi. Decyzj\u0119 o udzieleniu kredytu podejmie<br \/>\nbank na podstawie analizy Twojej wiarygodno\u015bci i zdolno\u015bci kredytowej, po spe\u0142nieniu wymog\u00f3w<br \/>\nformalnych. Materia\u0142 ma charakter informacyjny.<\/p>\n<p><a href=\"https:\/\/ewniosek.credit-agricole.pl\/eWniosek\/procedure.jsp?PARAM_TYPE=RAT&amp;PARAM_PROFILE=PSP2013885\"><img decoding=\"async\" class=\"alignnone size-full wp-image-38898\" src=\"https:\/\/soffstore.pl\/wp-content\/uploads\/2025\/06\/Credit-Agricole.webp\" alt=\"\" width=\"319\" height=\"73\" srcset=\"https:\/\/soffstore.pl\/wp-content\/uploads\/2025\/06\/Credit-Agricole.webp 319w, https:\/\/soffstore.pl\/wp-content\/uploads\/2025\/06\/Credit-Agricole-150x34.webp 150w\" sizes=\"(max-width: 319px) 100vw, 319px\" \/><\/a><\/p>\n","protected":false},"excerpt":{"rendered":"<p>Kupuj wygodnie, wybierz raty banku Credit Agricole. Sprawd\u017a jakie to proste: \u2022 wybierz produkt kt\u00f3ry Ci\u0119 interesuje, gdy warto\u015b\u0107 koszyka<\/p>\n","protected":false},"author":14,"featured_media":0,"parent":0,"menu_order":0,"comment_status":"closed","ping_status":"closed","template":"","meta":{"footnotes":""},"class_list":["post-38896","page","type-page","status-publish","hentry"],"yoast_head":"<!-- This site is optimized with the Yoast SEO plugin v27.2 - https:\/\/yoast.com\/product\/yoast-seo-wordpress\/ -->\n<title>Sofasoff<\/title>\n<meta name=\"robots\" content=\"index, follow, max-snippet:-1, max-image-preview:large, max-video-preview:-1\" \/>\n<link rel=\"canonical\" href=\"https:\/\/soffstore.pl\/credit-agricole-raty\/\" \/>\n<meta property=\"og:locale\" content=\"en_US\" \/>\n<meta property=\"og:type\" content=\"article\" \/>\n<meta property=\"og:title\" content=\"Sofasoff\" \/>\n<meta property=\"og:description\" content=\"Kupuj wygodnie, wybierz raty banku Credit Agricole. Sprawd\u017a jakie to proste: \u2022 wybierz produkt kt\u00f3ry Ci\u0119 interesuje, gdy warto\u015b\u0107 koszyka\" \/>\n<meta property=\"og:url\" content=\"https:\/\/soffstore.pl\/credit-agricole-raty\/\" \/>\n<meta property=\"og:site_name\" content=\"Sofasoff\" \/>\n<meta property=\"article:modified_time\" content=\"2025-06-09T17:32:40+00:00\" \/>\n<meta property=\"og:image\" content=\"https:\/\/soffstore.pl\/wp-content\/uploads\/2025\/06\/Credit-Agricole.webp\" \/>\n\t<meta property=\"og:image:width\" content=\"319\" \/>\n\t<meta property=\"og:image:height\" content=\"73\" \/>\n\t<meta property=\"og:image:type\" content=\"image\/png\" \/>\n<meta name=\"twitter:card\" content=\"summary_large_image\" \/>\n<meta name=\"twitter:label1\" content=\"Est. reading time\" \/>\n\t<meta name=\"twitter:data1\" content=\"1 minute\" \/>\n<script type=\"application\/ld+json\" class=\"yoast-schema-graph\">{\"@context\":\"https:\/\/schema.org\",\"@graph\":[{\"@type\":\"WebPage\",\"@id\":\"https:\/\/soffstore.pl\/credit-agricole-raty\/\",\"url\":\"https:\/\/soffstore.pl\/credit-agricole-raty\/\",\"name\":\"Sofasoff\",\"isPartOf\":{\"@id\":\"https:\/\/soffstore.pl\/de\/#website\"},\"primaryImageOfPage\":{\"@id\":\"https:\/\/soffstore.pl\/credit-agricole-raty\/#primaryimage\"},\"image\":{\"@id\":\"https:\/\/soffstore.pl\/credit-agricole-raty\/#primaryimage\"},\"thumbnailUrl\":\"https:\/\/soffstore.pl\/wp-content\/uploads\/2025\/06\/Credit-Agricole.webp\",\"datePublished\":\"2025-06-09T17:31:23+00:00\",\"dateModified\":\"2025-06-09T17:32:40+00:00\",\"breadcrumb\":{\"@id\":\"https:\/\/soffstore.pl\/credit-agricole-raty\/#breadcrumb\"},\"inLanguage\":\"en-US\",\"potentialAction\":[{\"@type\":\"ReadAction\",\"target\":[\"https:\/\/soffstore.pl\/credit-agricole-raty\/\"]}]},{\"@type\":\"ImageObject\",\"inLanguage\":\"en-US\",\"@id\":\"https:\/\/soffstore.pl\/credit-agricole-raty\/#primaryimage\",\"url\":\"https:\/\/soffstore.pl\/wp-content\/uploads\/2025\/06\/Credit-Agricole.webp\",\"contentUrl\":\"https:\/\/soffstore.pl\/wp-content\/uploads\/2025\/06\/Credit-Agricole.webp\"},{\"@type\":\"BreadcrumbList\",\"@id\":\"https:\/\/soffstore.pl\/credit-agricole-raty\/#breadcrumb\",\"itemListElement\":[{\"@type\":\"ListItem\",\"position\":1,\"name\":\"\u0413\u043b\u0430\u0432\u043d\u0430\u044f \u0441\u0442\u0440\u0430\u043d\u0438\u0446\u0430\",\"item\":\"https:\/\/soffstore.pl\/\"},{\"@type\":\"ListItem\",\"position\":2,\"name\":\"Credit Agricole Raty\"}]},{\"@type\":\"WebSite\",\"@id\":\"https:\/\/soffstore.pl\/de\/#website\",\"url\":\"https:\/\/soffstore.pl\/de\/\",\"name\":\"Kup kanapy w Warszawie: nowoczesne, modu\u0142owe i rozk\u0142adanesofy do salonu\",\"description\":\"Kup meble tapicerowane w Polsce\",\"publisher\":{\"@id\":\"https:\/\/soffstore.pl\/de\/#organization\"},\"potentialAction\":[{\"@type\":\"SearchAction\",\"target\":{\"@type\":\"EntryPoint\",\"urlTemplate\":\"https:\/\/soffstore.pl\/de\/?s={search_term_string}\"},\"query-input\":{\"@type\":\"PropertyValueSpecification\",\"valueRequired\":true,\"valueName\":\"search_term_string\"}}],\"inLanguage\":\"en-US\"},{\"@type\":\"Organization\",\"@id\":\"https:\/\/soffstore.pl\/de\/#organization\",\"name\":\"Sofasoff\",\"url\":\"https:\/\/soffstore.pl\/de\/\",\"logo\":{\"@type\":\"ImageObject\",\"inLanguage\":\"en-US\",\"@id\":\"https:\/\/soffstore.pl\/de\/#\/schema\/logo\/image\/\",\"url\":\"https:\/\/soffstore.pl\/wp-content\/uploads\/2024\/05\/sofalogo-e1715764889428.png\",\"contentUrl\":\"https:\/\/soffstore.pl\/wp-content\/uploads\/2024\/05\/sofalogo-e1715764889428.png\",\"width\":563,\"height\":138,\"caption\":\"Sofasoff\"},\"image\":{\"@id\":\"https:\/\/soffstore.pl\/de\/#\/schema\/logo\/image\/\"}}]}<\/script>\n<!-- \/ Yoast SEO plugin. -->","yoast_head_json":{"title":"Sofasoff","robots":{"index":"index","follow":"follow","max-snippet":"max-snippet:-1","max-image-preview":"max-image-preview:large","max-video-preview":"max-video-preview:-1"},"canonical":"https:\/\/soffstore.pl\/credit-agricole-raty\/","og_locale":"en_US","og_type":"article","og_title":"Sofasoff","og_description":"Kupuj wygodnie, wybierz raty banku Credit Agricole. Sprawd\u017a jakie to proste: \u2022 wybierz produkt kt\u00f3ry Ci\u0119 interesuje, gdy warto\u015b\u0107 koszyka","og_url":"https:\/\/soffstore.pl\/credit-agricole-raty\/","og_site_name":"Sofasoff","article_modified_time":"2025-06-09T17:32:40+00:00","og_image":[{"width":319,"height":73,"url":"https:\/\/soffstore.pl\/wp-content\/uploads\/2025\/06\/Credit-Agricole.webp","type":"image\/png"}],"twitter_card":"summary_large_image","twitter_misc":{"Est. reading time":"1 minute"},"schema":{"@context":"https:\/\/schema.org","@graph":[{"@type":"WebPage","@id":"https:\/\/soffstore.pl\/credit-agricole-raty\/","url":"https:\/\/soffstore.pl\/credit-agricole-raty\/","name":"Sofasoff","isPartOf":{"@id":"https:\/\/soffstore.pl\/de\/#website"},"primaryImageOfPage":{"@id":"https:\/\/soffstore.pl\/credit-agricole-raty\/#primaryimage"},"image":{"@id":"https:\/\/soffstore.pl\/credit-agricole-raty\/#primaryimage"},"thumbnailUrl":"https:\/\/soffstore.pl\/wp-content\/uploads\/2025\/06\/Credit-Agricole.webp","datePublished":"2025-06-09T17:31:23+00:00","dateModified":"2025-06-09T17:32:40+00:00","breadcrumb":{"@id":"https:\/\/soffstore.pl\/credit-agricole-raty\/#breadcrumb"},"inLanguage":"en-US","potentialAction":[{"@type":"ReadAction","target":["https:\/\/soffstore.pl\/credit-agricole-raty\/"]}]},{"@type":"ImageObject","inLanguage":"en-US","@id":"https:\/\/soffstore.pl\/credit-agricole-raty\/#primaryimage","url":"https:\/\/soffstore.pl\/wp-content\/uploads\/2025\/06\/Credit-Agricole.webp","contentUrl":"https:\/\/soffstore.pl\/wp-content\/uploads\/2025\/06\/Credit-Agricole.webp"},{"@type":"BreadcrumbList","@id":"https:\/\/soffstore.pl\/credit-agricole-raty\/#breadcrumb","itemListElement":[{"@type":"ListItem","position":1,"name":"\u0413\u043b\u0430\u0432\u043d\u0430\u044f \u0441\u0442\u0440\u0430\u043d\u0438\u0446\u0430","item":"https:\/\/soffstore.pl\/"},{"@type":"ListItem","position":2,"name":"Credit Agricole Raty"}]},{"@type":"WebSite","@id":"https:\/\/soffstore.pl\/de\/#website","url":"https:\/\/soffstore.pl\/de\/","name":"Kup kanapy w Warszawie: nowoczesne, modu\u0142owe i rozk\u0142adanesofy do salonu","description":"Kup meble tapicerowane w Polsce","publisher":{"@id":"https:\/\/soffstore.pl\/de\/#organization"},"potentialAction":[{"@type":"SearchAction","target":{"@type":"EntryPoint","urlTemplate":"https:\/\/soffstore.pl\/de\/?s={search_term_string}"},"query-input":{"@type":"PropertyValueSpecification","valueRequired":true,"valueName":"search_term_string"}}],"inLanguage":"en-US"},{"@type":"Organization","@id":"https:\/\/soffstore.pl\/de\/#organization","name":"Sofasoff","url":"https:\/\/soffstore.pl\/de\/","logo":{"@type":"ImageObject","inLanguage":"en-US","@id":"https:\/\/soffstore.pl\/de\/#\/schema\/logo\/image\/","url":"https:\/\/soffstore.pl\/wp-content\/uploads\/2024\/05\/sofalogo-e1715764889428.png","contentUrl":"https:\/\/soffstore.pl\/wp-content\/uploads\/2024\/05\/sofalogo-e1715764889428.png","width":563,"height":138,"caption":"Sofasoff"},"image":{"@id":"https:\/\/soffstore.pl\/de\/#\/schema\/logo\/image\/"}}]}},"_links":{"self":[{"href":"https:\/\/soffstore.pl\/pl\/wp-json\/wp\/v2\/pages\/38896","targetHints":{"allow":["GET"]}}],"collection":[{"href":"https:\/\/soffstore.pl\/pl\/wp-json\/wp\/v2\/pages"}],"about":[{"href":"https:\/\/soffstore.pl\/pl\/wp-json\/wp\/v2\/types\/page"}],"author":[{"embeddable":true,"href":"https:\/\/soffstore.pl\/pl\/wp-json\/wp\/v2\/users\/14"}],"replies":[{"embeddable":true,"href":"https:\/\/soffstore.pl\/pl\/wp-json\/wp\/v2\/comments?post=38896"}],"version-history":[{"count":3,"href":"https:\/\/soffstore.pl\/pl\/wp-json\/wp\/v2\/pages\/38896\/revisions"}],"predecessor-version":[{"id":38901,"href":"https:\/\/soffstore.pl\/pl\/wp-json\/wp\/v2\/pages\/38896\/revisions\/38901"}],"wp:attachment":[{"href":"https:\/\/soffstore.pl\/pl\/wp-json\/wp\/v2\/media?parent=38896"}],"curies":[{"name":"wp","href":"https:\/\/api.w.org\/{rel}","templated":true}]}}